{"id":1027,"date":"2019-05-26T21:33:11","date_gmt":"2019-05-26T19:33:11","guid":{"rendered":"https:\/\/toruma.hola.rs\/?page_id=1027"},"modified":"2025-06-23T10:19:24","modified_gmt":"2025-06-23T08:19:24","slug":"upoznaj-rumu","status":"publish","type":"page","link":"https:\/\/toruma.hola.rs\/?page_id=1027","title":{"rendered":"UPOZNAJ RUMU"},"content":{"rendered":"<p>[vc_row css_animation=&#8220;&#8220; row_type=&#8220;row&#8220; use_row_as_full_screen_section=&#8220;no&#8220; type=&#8220;full_width&#8220; angled_section=&#8220;no&#8220; text_align=&#8220;left&#8220; background_image_as_pattern=&#8220;without_pattern&#8220; css=&#8220;.vc_custom_1621264559093{margin-top: 80px !important;margin-bottom: 80px !important;}&#8220; z_index=&#8220;&#8220;][vc_column width=&#8220;1\/6&#8243;][\/vc_column][vc_column css_animation=&#8220;none&#8220; width=&#8220;2\/3&#8243;][vc_column_text]Ruma je grad sa ne\u0161to vi\u0161e od 30.000 stanovnika, koji se razba\u0161kario u samom srcu Srema, nevelikog, ali interesantnog i uzbudljivog regiona, okru\u017eenog Dunavom, Savom i Bosutom. Po\u010dev od leve obale reke Save prema severu, Srem se pru\u017ea kroz stoletne \u0161ume, preko ritova i bara, od kojih je najstarija i najpoznatija ona Obedska, do ove najmla\u0111e, po imenu Trskova\u010da.<\/p>\n<p>&nbsp;<\/p>\n<p>Zatim plodnom ravnicom, kroz ruzmarinski deo ka severu, onako srema\u010dki natenane, izrasta do najvi\u0161ih Vrhova Fru\u0161ke gore, koju ovde, i pored skromne prose\u010dne visine od oko 450 metara, planinom zovu. Najve\u0107i rezervat lipe u Evropi. Nacionalni park u kojem mo\u017eete prona\u0107i brojne \u0161umske izvore, raznovrsnu divlja\u010d, u \u010dijem podno\u017eju se nalaze ve\u0161ta\u010dka jezera bogata ribom, poznat je u svetu i po svojih 16 manastira nastalih u XV i XVI veku.<\/p>\n<p>&nbsp;<\/p>\n<p>U sredi\u0161tu sve te lepote, kraj magistralne pruge Beograd &#8211; Zagreb i auto-puta istog pravca, magistralnog puta Novi Sad &#8211; \u0160abac &#8211; Loznica, i regionalnih puteva koji vode od Semberije prema Novom Sadu, kao i od Sremske Mitrovice prema In\u0111iji i Zemunu, na 40-tak kilometara od Aerodroma \u201eNikola Tesla\u201c, nalazi se Ruma. Za nju, parafraziraju\u0107i \u010duvenu izreku da \u201esvi putevi vode u Rim\u201d, ovde znaju da ka\u017eu i da \u201esvi putevi vode kroz Rumu\u201d.<\/p>\n<p>&nbsp;<\/p>\n<p>Ruma se nalazi ba\u0161 na 45. uporedniku, odnosno na pola puta izme\u0111u Ekvatora i Severnog pola, na stotinak metara nadmorske visine. sredi\u0161nom delu Srema, na potezu od leve obale reke Save do podno\u017eja Fru\u0161ke gore. Na povr\u0161ini od 582 km2, prostire se Op\u0161tina Ruma, sa jednim gradskim i svojih 16 seoskih naselja, koja, svako na svoj na\u010din, svojom bogatom istorijom, kulturnom ba\u0161tinom, turisti\u010dkim potencijalima i prirodnim lepotama, predstavljaju zanimljive destinacije. Zato vam poru\u010dujemo dobrodo\u0161li u Rumu, dobrodo\u0161li u va\u0161arski, tambura\u0161ki i festivalski grad, koji na najlep\u0161i na\u010din, kroz u\u017eivanje u tradicionalnoj gastronomskoj ponudi i fru\u0161kogorskom vinu, miri donji i gornji Srem.[\/vc_column_text][vc_column_text css=&#8220;.vc_custom_1750666314523{padding-top: 30px !important;}&#8220;]<\/p>\n<p style=\"text-align: left;\">Naseljavanje teritorije gde je sada Ruma po\u010dinje jo\u0161 u praistoriji o \u010demu sveod\u010de razni arheolo\u0161ki rekviziti.<\/p>\n<p>[\/vc_column_text][\/vc_column][vc_column width=&#8220;1\/6&#8243;][\/vc_column][\/vc_row][vc_row css_animation=&#8220;&#8220; row_type=&#8220;row&#8220; use_row_as_full_screen_section=&#8220;no&#8220; type=&#8220;full_width&#8220; angled_section=&#8220;no&#8220; text_align=&#8220;left&#8220; background_image_as_pattern=&#8220;without_pattern&#8220; css=&#8220;.vc_custom_1621265124996{margin-top: 50px !important;background-color: #1d7fc1 !important;}&#8220; z_index=&#8220;&#8220;][vc_column width=&#8220;1\/6&#8243;][\/vc_column][vc_column css_animation=&#8220;fadeInUp&#8220; width=&#8220;2\/3&#8243;][vc_empty_space height=&#8220;50px&#8220;][vc_column_text]<\/p>\n<h1 style=\"text-align: center;\">Prvi pisani podaci o selu Ruma se<\/h1>\n<h1 style=\"text-align: center;\">nalaze\u00a0 u Turskom tefteru iz 1566. godine.<\/h1>\n<p>[\/vc_column_text][vc_empty_space height=&#8220;10px&#8220;][vc_column_text]<\/p>\n<h4 style=\"text-align: center;\"><span style=\"color: #ffffff;\">Inicijator izgradnje novog naselja gradskog tipa, sa u\u0161orenim ulicama, bio je grof Marko Peja\u010devi\u0107, koji je, po ustanovljenju vojne granice, svoje dotada\u0161nje Mitrova\u010dko vlastelinstvo zamenio rumskim, odlu\u010div\u0161i, 1745. godine, da u ataru sela Rume izgradi novo naselje i u njemu sedi\u0161te novog vlastelinstva.<\/span><\/h4>\n<p>[\/vc_column_text][vc_empty_space height=&#8220;50px&#8220;][\/vc_column][vc_column width=&#8220;1\/6&#8243;][\/vc_column][\/vc_row][vc_row css_animation=&#8220;&#8220; row_type=&#8220;row&#8220; use_row_as_full_screen_section=&#8220;no&#8220; type=&#8220;full_width&#8220; angled_section=&#8220;no&#8220; text_align=&#8220;left&#8220; background_image_as_pattern=&#8220;without_pattern&#8220; css=&#8220;.vc_custom_1621264559093{margin-top: 80px !important;margin-bottom: 80px !important;}&#8220; z_index=&#8220;&#8220;][vc_column width=&#8220;1\/6&#8243;][\/vc_column][vc_column css_animation=&#8220;bounceInRight&#8220; width=&#8220;2\/3&#8243;][vc_column_text]Izgradnji naselja je pogodovala i tada\u0161nja politika Be\u010dkog dvora i Marije Terezije usmerena na kolonizaciju i ekonomsko o\u017eivljavanje ovog prostora, na ra\u010dun koje je Ruma 1747. godine dobila status trgovi\u0161ta \u2013 slobodne varo\u0161i.<\/p>\n<p>&nbsp;<\/p>\n<p>Prvog janura 1749. Godine vlastelin Marko Peja\u010devi\u0107 izdaje stanovnicima Rume tzv. Slobodnicu, kojom je ona i zvani\u010dno postal privilegovano naselje, sa svojim grbom i pe\u010datom.<\/p>\n<p>&nbsp;<\/p>\n<p>U tom periodu, pored Srba iz okolnih mesta, u Rumu se nastanjuju i Nemci, Hrvati i Ma\u0111ari. Po\u010detkom XIX veka Ruma postaje centar zanatstva, a 1818. godine dobija Carsku cehovsku povelju. U Rumi je tada bilo zastupljeno 38 razli\u010ditih zanata koji su upo\u0161ljavali 185 majstora, brojne \u0161egrte i kalfe.<\/p>\n<p>&nbsp;<\/p>\n<p>Po zavr\u0161etku Prvog svetskog rata, 24. Novembra 1918. godine, na velikom narodnom zboru odr\u017eanom u Rumi, doneta je odluka o prisajedinjenju Srema Srbiji. U periodu izme\u0111u dva svetska rata Ruma je va\u017eila za najve\u0107u \u017eitnu pijacu u tada\u0161njoj Kraljevini Jugoslaviji, da bi na ra\u010dun svog rasta i ekonomskog prosperiteta 1933. godine dobila status grada. U to vreme Ruma je brojala ne\u0161to vi\u0161e od 12.000 stanovnika, od kojih je najvi\u0161e bilo Nemaca (preko 7.000), Srba 3.500, a ostalo su \u010dinili Hrvati, Ma\u0111ari i pripadnici drugih naroda.<\/p>\n<p>&nbsp;<\/p>\n<p>Nakon Drugog svetskog rata, osloba\u0111anjem Rume 27. oktobra 1944. godine, kolonizacijom stanovni\u0161tva iz Bosne, Hercegovine, Dalmacije, sa Korduna, Banije i Like u ove krajeve, broj stanovnika raste i prelazi cifru od 14.000. U posleratnom periodu poljoprivreda ostaje primarno zanimanje ovda\u0161njeg stanovni\u0161tva, ali se pored toga razvija i industrija.[\/vc_column_text][\/vc_column][vc_column width=&#8220;1\/6&#8243;][\/vc_column][\/vc_row][vc_row css_animation=&#8220;&#8220; row_type=&#8220;row&#8220; use_row_as_full_screen_section=&#8220;no&#8220; type=&#8220;full_width&#8220; angled_section=&#8220;no&#8220; text_align=&#8220;left&#8220; background_image_as_pattern=&#8220;without_pattern&#8220; css=&#8220;.vc_custom_1750666714931{margin-top: 50px !important;margin-bottom: 30px !important;padding-right: 50px !important;padding-left: 50px !important;}&#8220; z_index=&#8220;&#8220;][vc_column]<div class=\"qode-advanced-image-gallery  qode-aig-grid-type qode-tiny-space   \">\n\t<div class=\"qode-aig-inner qode-outer-space qode-aig-grid qode-aig-two-columns\">\n\t\t\t\t\t<div class=\"qode-aig-image qode-item-space\">\n\t\t\t\t<div class=\"qode-aig-image-inner\">\n\t\t\t\t\t\t\t\t\t\t\t<img loading=\"lazy\" decoding=\"async\" width=\"800\" height=\"600\" src=\"https:\/\/toruma.hola.rs\/wp-content\/uploads\/2023\/03\/razglednice-2.jpeg\" class=\"attachment-full size-full\" alt=\"\" srcset=\"https:\/\/toruma.hola.rs\/wp-content\/uploads\/2023\/03\/razglednice-2.jpeg 800w, https:\/\/toruma.hola.rs\/wp-content\/uploads\/2023\/03\/razglednice-2-300x225.jpeg 300w, https:\/\/toruma.hola.rs\/wp-content\/uploads\/2023\/03\/razglednice-2-768x576.jpeg 768w, https:\/\/toruma.hola.rs\/wp-content\/uploads\/2023\/03\/razglednice-2-700x525.jpeg 700w\" sizes=\"auto, (max-width: 800px) 100vw, 800px\" \/>\t\t\t\t\t\t<span class=\"aig-gallery-hover\">\n\t\t\t\t\t\t\t\t\t\t\t\t\t<\/span>\n\t\t\t\t\t\t\t\t\t<\/div>\n\t\t\t<\/div>\n\t\t\t\t\t<div class=\"qode-aig-image qode-item-space\">\n\t\t\t\t<div class=\"qode-aig-image-inner\">\n\t\t\t\t\t\t\t\t\t\t\t<img loading=\"lazy\" decoding=\"async\" width=\"800\" height=\"600\" src=\"https:\/\/toruma.hola.rs\/wp-content\/uploads\/2023\/03\/razglednice-3.jpeg\" class=\"attachment-full size-full\" alt=\"\" srcset=\"https:\/\/toruma.hola.rs\/wp-content\/uploads\/2023\/03\/razglednice-3.jpeg 800w, https:\/\/toruma.hola.rs\/wp-content\/uploads\/2023\/03\/razglednice-3-300x225.jpeg 300w, https:\/\/toruma.hola.rs\/wp-content\/uploads\/2023\/03\/razglednice-3-768x576.jpeg 768w, https:\/\/toruma.hola.rs\/wp-content\/uploads\/2023\/03\/razglednice-3-700x525.jpeg 700w\" sizes=\"auto, (max-width: 800px) 100vw, 800px\" \/>\t\t\t\t\t\t<span class=\"aig-gallery-hover\">\n\t\t\t\t\t\t\t\t\t\t\t\t\t<\/span>\n\t\t\t\t\t\t\t\t\t<\/div>\n\t\t\t<\/div>\n\t\t\t<\/div>\n<\/div>[\/vc_column][\/vc_row][vc_row css_animation=&#8220;&#8220; row_type=&#8220;row&#8220; use_row_as_full_screen_section=&#8220;no&#8220; type=&#8220;full_width&#8220; angled_section=&#8220;no&#8220; text_align=&#8220;left&#8220; background_image_as_pattern=&#8220;without_pattern&#8220; css=&#8220;.vc_custom_1621265774545{margin-top: 50px !important;margin-bottom: 120px !important;padding-right: 50px !important;padding-left: 50px !important;}&#8220; z_index=&#8220;&#8220;][vc_column]<div class=\"qode-advanced-image-gallery  qode-aig-grid-type qode-tiny-space   \">\n\t<div class=\"qode-aig-inner qode-outer-space qode-aig-grid qode-aig-two-columns\">\n\t\t\t\t\t<div class=\"qode-aig-image qode-item-space\">\n\t\t\t\t<div class=\"qode-aig-image-inner\">\n\t\t\t\t\t\t\t\t\t\t\t<img loading=\"lazy\" decoding=\"async\" width=\"800\" height=\"600\" src=\"https:\/\/toruma.hola.rs\/wp-content\/uploads\/2023\/03\/razglednice-4.jpeg\" class=\"attachment-full size-full\" alt=\"\" srcset=\"https:\/\/toruma.hola.rs\/wp-content\/uploads\/2023\/03\/razglednice-4.jpeg 800w, https:\/\/toruma.hola.rs\/wp-content\/uploads\/2023\/03\/razglednice-4-300x225.jpeg 300w, https:\/\/toruma.hola.rs\/wp-content\/uploads\/2023\/03\/razglednice-4-768x576.jpeg 768w, https:\/\/toruma.hola.rs\/wp-content\/uploads\/2023\/03\/razglednice-4-700x525.jpeg 700w\" sizes=\"auto, (max-width: 800px) 100vw, 800px\" \/>\t\t\t\t\t\t<span class=\"aig-gallery-hover\">\n\t\t\t\t\t\t\t\t\t\t\t\t\t<\/span>\n\t\t\t\t\t\t\t\t\t<\/div>\n\t\t\t<\/div>\n\t\t\t\t\t<div class=\"qode-aig-image qode-item-space\">\n\t\t\t\t<div class=\"qode-aig-image-inner\">\n\t\t\t\t\t\t\t\t\t\t\t<img loading=\"lazy\" decoding=\"async\" width=\"800\" height=\"600\" src=\"https:\/\/toruma.hola.rs\/wp-content\/uploads\/2023\/03\/razglednice-1.jpeg\" class=\"attachment-full size-full\" alt=\"\" srcset=\"https:\/\/toruma.hola.rs\/wp-content\/uploads\/2023\/03\/razglednice-1.jpeg 800w, https:\/\/toruma.hola.rs\/wp-content\/uploads\/2023\/03\/razglednice-1-300x225.jpeg 300w, https:\/\/toruma.hola.rs\/wp-content\/uploads\/2023\/03\/razglednice-1-768x576.jpeg 768w, https:\/\/toruma.hola.rs\/wp-content\/uploads\/2023\/03\/razglednice-1-700x525.jpeg 700w\" sizes=\"auto, (max-width: 800px) 100vw, 800px\" \/>\t\t\t\t\t\t<span class=\"aig-gallery-hover\">\n\t\t\t\t\t\t\t\t\t\t\t\t\t<\/span>\n\t\t\t\t\t\t\t\t\t<\/div>\n\t\t\t<\/div>\n\t\t\t<\/div>\n<\/div>[vc_empty_space height=&#8220;10px&#8220;][\/vc_column][\/vc_row]<\/p>\n","protected":false},"excerpt":{"rendered":"<p>[vc_row css_animation=&#8220;&#8220; row_type=&#8220;row&#8220; use_row_as_full_screen_section=&#8220;no&#8220; type=&#8220;full_width&#8220; angled_section=&#8220;no&#8220; text_align=&#8220;left&#8220; background_image_as_pattern=&#8220;without_pattern&#8220; css=&#8220;.vc_custom_1621264559093{margin-top: 80px !important;margin-bottom: 80px !important;}&#8220; z_index=&#8220;&#8220;][vc_column width=&#8220;1\/6&#8243;][\/vc_column][vc_column css_animation=&#8220;none&#8220; width=&#8220;2\/3&#8243;][vc_column_text]Ruma je grad sa ne\u0161to vi\u0161e od 30.000 stanovnika, koji se razba\u0161kario u samom srcu Srema, nevelikog, ali interesantnog i uzbudljivog regiona, okru\u017eenog Dunavom, Savom i Bosutom. Po\u010dev od&#8230;<\/p>\n","protected":false},"author":1,"featured_media":0,"parent":0,"menu_order":0,"comment_status":"closed","ping_status":"closed","template":"full_width.php","meta":{"footnotes":""},"class_list":["post-1027","page","type-page","status-publish","hentry"],"_links":{"self":[{"href":"https:\/\/toruma.hola.rs\/index.php?rest_route=\/wp\/v2\/pages\/1027","targetHints":{"allow":["GET"]}}],"collection":[{"href":"https:\/\/toruma.hola.rs\/index.php?rest_route=\/wp\/v2\/pages"}],"about":[{"href":"https:\/\/toruma.hola.rs\/index.php?rest_route=\/wp\/v2\/types\/page"}],"author":[{"embeddable":true,"href":"https:\/\/toruma.hola.rs\/index.php?rest_route=\/wp\/v2\/users\/1"}],"replies":[{"embeddable":true,"href":"https:\/\/toruma.hola.rs\/index.php?rest_route=%2Fwp%2Fv2%2Fcomments&post=1027"}],"version-history":[{"count":98,"href":"https:\/\/toruma.hola.rs\/index.php?rest_route=\/wp\/v2\/pages\/1027\/revisions"}],"predecessor-version":[{"id":5870,"href":"https:\/\/toruma.hola.rs\/index.php?rest_route=\/wp\/v2\/pages\/1027\/revisions\/5870"}],"wp:attachment":[{"href":"https:\/\/toruma.hola.rs\/index.php?rest_route=%2Fwp%2Fv2%2Fmedia&parent=1027"}],"curies":[{"name":"wp","href":"https:\/\/api.w.org\/{rel}","templated":true}]}}