{"id":1808,"date":"2021-06-07T06:04:17","date_gmt":"2021-06-07T04:04:17","guid":{"rendered":"https:\/\/toruma.hola.rs\/?page_id=1808"},"modified":"2023-05-10T15:59:21","modified_gmt":"2023-05-10T13:59:21","slug":"pesacke-staze","status":"publish","type":"page","link":"https:\/\/toruma.hola.rs\/?page_id=1808&lang=en","title":{"rendered":"MONUMENTS"},"content":{"rendered":"<p>[vc_row css_animation=&#8220;&#8220; row_type=&#8220;row&#8220; use_row_as_full_screen_section=&#8220;no&#8220; type=&#8220;full_width&#8220; angled_section=&#8220;no&#8220; text_align=&#8220;left&#8220; background_image_as_pattern=&#8220;without_pattern&#8220; css=&#8220;.vc_custom_1621264559093{margin-top: 80px !important;margin-bottom: 80px !important;}&#8220; z_index=&#8220;&#8220;][vc_column width=&#8220;1\/6&#8243;][\/vc_column][vc_column css_animation=&#8220;none&#8220; width=&#8220;2\/3&#8243;][vc_column_text]<\/p>\n<div class=\"mkdf-info-section-part mkdf-tour-item-content\">\n<div class=\"vc_row wpb_row vc_row-fluid\">\n<div class=\"wpb_column vc_column_container vc_col-sm-12\">\n<div class=\"vc_column-inner\">\n<div class=\"wpb_wrapper\">\n<div class=\"wpb_text_column wpb_content_element\">\n<div class=\"wpb_wrapper\">\n<div class=\"mkdf-info-section-part mkdf-tour-item-content\">\n<div class=\"vc_row wpb_row vc_row-fluid\">\n<div class=\"wpb_column vc_column_container vc_col-sm-12\">\n<div class=\"vc_column-inner\">\n<div class=\"wpb_wrapper\">\n<div class=\"wpb_text_column wpb_content_element\">\n<div class=\"wpb_wrapper\">\n<h2 style=\"text-align: center;\">REVOLUTION MONUMENT<\/h2>\n<p>&nbsp;<\/p>\n<p>In the middle of the city center, in 1975, the Monument to the Revolution was placed, which was the work of architects Sveta Davi\u010d and Mi\u0161a David, whose idea was never fully implemented.<\/p>\n<p>&nbsp;<\/p>\n<p>This whole space is shaped like a forum where various activities, festivals, and gatherings take place. In the middle of the 20th century, there was a large green area in the place where today&#8217;s monument is located.<\/p>\n<p>&nbsp;<\/p>\n<p>The area around the monument was, first of all, shaped like an amphitheater made of concrete elements and a red base, which represented the ancient period.<\/p>\n<p>&nbsp;<\/p>\n<p>With the remodeling of the city center a few years ago, there was also a change in appearance, so that part of the amphitheater no longer exists and is now a city square of the demonstration type, modeled on most cities.<\/p>\n<p>&nbsp;<\/p>\n<p>From the original appearance of the monument, seven forms in metal in the form of giant trumpets remain. They are associated with the 7 Vojvodina brigades and are positioned according to the place of origin, three facing Fru\u0161ka Gora and four facing Bosnia. However, there are other interpretations, such as a call for an uprising and revolt, but also for the calm of the day.<\/p>\n<\/div>\n<\/div>\n<\/div>\n<\/div>\n<\/div>\n<\/div>\n<\/div>\n<\/div>\n<\/div>\n<\/div>\n<\/div>\n<\/div>\n<\/div>\n<\/div>\n<p>[\/vc_column_text][\/vc_column][vc_column width=&#8220;1\/6&#8243;][\/vc_column][\/vc_row][vc_row css_animation=&#8220;&#8220; row_type=&#8220;row&#8220; use_row_as_full_screen_section=&#8220;no&#8220; type=&#8220;full_width&#8220; angled_section=&#8220;no&#8220; text_align=&#8220;left&#8220; background_image_as_pattern=&#8220;without_pattern&#8220; z_index=&#8220;&#8220;][vc_column][vc_empty_space]<div class=\"qode-advanced-image-gallery  qode-aig-grid-type qode-tiny-space   \">\n\t<div class=\"qode-aig-inner qode-outer-space qode-aig-grid qode-aig-three-columns\">\n\t\t\t\t\t<div class=\"qode-aig-image qode-item-space\">\n\t\t\t\t<div class=\"qode-aig-image-inner\">\n\t\t\t\t\t\t\t\t\t\t\t<img loading=\"lazy\" decoding=\"async\" src=\"https:\/\/toruma.hola.rs\/wp-content\/uploads\/2023\/03\/Custom-dimensions-600x600-px-15-400x400.jpg\" alt=\"\" width=\"400\" height=\"400\" \/>\t\t\t\t\t\t<span class=\"aig-gallery-hover\">\n\t\t\t\t\t\t\t\t\t\t\t\t\t<\/span>\n\t\t\t\t\t\t\t\t\t<\/div>\n\t\t\t<\/div>\n\t\t\t\t\t<div class=\"qode-aig-image qode-item-space\">\n\t\t\t\t<div class=\"qode-aig-image-inner\">\n\t\t\t\t\t\t\t\t\t\t\t<img loading=\"lazy\" decoding=\"async\" src=\"https:\/\/toruma.hola.rs\/wp-content\/uploads\/2023\/03\/Custom-dimensions-600x600-px-12-400x400.jpeg\" alt=\"\" width=\"400\" height=\"400\" \/>\t\t\t\t\t\t<span class=\"aig-gallery-hover\">\n\t\t\t\t\t\t\t\t\t\t\t\t\t<\/span>\n\t\t\t\t\t\t\t\t\t<\/div>\n\t\t\t<\/div>\n\t\t\t\t\t<div class=\"qode-aig-image qode-item-space\">\n\t\t\t\t<div class=\"qode-aig-image-inner\">\n\t\t\t\t\t\t\t\t\t\t\t<img loading=\"lazy\" decoding=\"async\" src=\"https:\/\/toruma.hola.rs\/wp-content\/uploads\/2023\/03\/Custom-dimensions-600x600-px-11-400x400.jpeg\" alt=\"\" width=\"400\" height=\"400\" \/>\t\t\t\t\t\t<span class=\"aig-gallery-hover\">\n\t\t\t\t\t\t\t\t\t\t\t\t\t<\/span>\n\t\t\t\t\t\t\t\t\t<\/div>\n\t\t\t<\/div>\n\t\t\t<\/div>\n<\/div>[\/vc_column][\/vc_row][vc_row css_animation=&#8220;&#8220; row_type=&#8220;row&#8220; use_row_as_full_screen_section=&#8220;no&#8220; type=&#8220;full_width&#8220; angled_section=&#8220;no&#8220; text_align=&#8220;left&#8220; background_image_as_pattern=&#8220;without_pattern&#8220; css=&#8220;.vc_custom_1621265124996{margin-top: 50px !important;background-color: #1d7fc1 !important;}&#8220; z_index=&#8220;&#8220;][vc_column width=&#8220;1\/6&#8243;][\/vc_column][vc_column css_animation=&#8220;fadeInUp&#8220; width=&#8220;2\/3&#8243;][vc_empty_space height=&#8220;50px&#8220;][vc_column_text]<\/p>\n<h1 style=\"text-align: center;\">The memorial area near the Revolution monument was originally made of concrete elements and red brick, and there are seven metal forms above it. The horn, that is, the trumpet, is a symbol of a call to an uprising or revolt, which justifies the name of the monument.<\/h1>\n<p>[\/vc_column_text][vc_empty_space height=&#8220;50px&#8220;][\/vc_column][vc_column width=&#8220;1\/6&#8243;][\/vc_column][\/vc_row][vc_row css_animation=&#8220;&#8220; row_type=&#8220;row&#8220; use_row_as_full_screen_section=&#8220;no&#8220; type=&#8220;full_width&#8220; angled_section=&#8220;no&#8220; text_align=&#8220;left&#8220; background_image_as_pattern=&#8220;without_pattern&#8220; css=&#8220;.vc_custom_1621264559093{margin-top: 80px !important;margin-bottom: 80px !important;}&#8220; z_index=&#8220;&#8220;][vc_column width=&#8220;1\/6&#8243;][\/vc_column][vc_column css_animation=&#8220;none&#8220; width=&#8220;2\/3&#8243;][vc_column_text]<\/p>\n<h2 style=\"text-align: center;\">MONUMENT TO \u017dARKO MILADINOVI\u0106<\/h2>\n<p>&nbsp;<\/p>\n<p>The monument to \u017darko Miladinovi\u0107 is located in front of the Main Post Office and was built in honor of the Ruma citizen who was once the Minister of Posts and Telegraphs in the government of Nikola Pa\u0161i\u0107.<\/p>\n<p>&nbsp;<\/p>\n<p>He was the leader of the radicals, in whose house, in Glavna gradska street, on November 24, 1918, people decided to join Srem to Serbia.[\/vc_column_text][vc_empty_space height=&#8220;50px&#8220;][vc_column_text]<\/p>\n<h2 style=\"text-align: center;\">MONUMENT &#8222;STATUES&#8220;<\/h2>\n<p>&nbsp;<\/p>\n<p>The Monument to the Statues is located next to the M-21 highway between Ruma and Irig. It was built by the citizens of Ruma as a sign of gratitude that the plague that reigned in Srem in 1795\/96, and literally halved the population of Irig, did not spread to their town.<\/p>\n<p>&nbsp;<\/p>\n<p>The statues are located at the place where military guards (sanitary cordon) were organized to prevent people from leaving the infected area.<\/p>\n<p>&nbsp;<\/p>\n<p>As such, it represents one of the few monuments of health culture in this part of Europe. The monument is located on the left and right sides of the Ruma-Irig road.<\/p>\n<p>&nbsp;<\/p>\n<p>It is 4 kilometers from Ruma and 7 kilometers from Irig. The main, that is, the larger group is located going from Ruma towards Irig on the left, and the second group, smaller, is on the right side of the road. The building on the left side of the road has the shape of a baroque Roman Catholic altar, while the building on the right side of the road is in the form of simple pillars with a circular base. At the top of the larger group is the crucified Jesus Christ, and below him are the figures of St. Rock and St. Sebastian.<\/p>\n<p>&nbsp;<\/p>\n<p>The statues were last renovated in 1937 and were in very poor condition. In September 2011, the restoration of this unique monument began.<\/p>\n<p>&nbsp;<\/p>\n<p>Funds for the reconstruction were provided by the Provincial Secretariat for Culture and the Rotary Club of Ruma. In order to preserve the original appearance, the Institute for the Protection of Cultural Monuments Srem provided the conditions for carrying out the works. Today, the monument can boast of its new look and can be an attractive tourist offer.[\/vc_column_text][vc_empty_space height=&#8220;50px&#8220;][vc_column_text]<\/p>\n<h2 style=\"text-align: center;\">&#8222;CHILDREN WITH A BOOK&#8220; MONUMENT<\/h2>\n<p>&nbsp;<\/p>\n<p>The monument &#8222;Children with a Book&#8220; is located in the Small Park in Ruma and is the work of sculptor and medalist Slavka Petrovi\u0107 Sredovi\u0107 (1907-1978).<br \/>\nA monument representing a group of children engrossed in reading a book. It was purchased in 1955, after Slavka&#8217;s first post-war exhibition held in Ruma, on the premises of the City Library.<\/p>\n<p>&nbsp;<\/p>\n<p>During her artistic career, Slavka Petrovi\u0107 Sredovi\u0107 participated in numerous exhibitions in the country and abroad.[\/vc_column_text][\/vc_column][vc_column width=&#8220;1\/6&#8243;][\/vc_column][\/vc_row][vc_row css_animation=&#8220;&#8220; row_type=&#8220;row&#8220; use_row_as_full_screen_section=&#8220;no&#8220; type=&#8220;full_width&#8220; angled_section=&#8220;no&#8220; text_align=&#8220;left&#8220; background_image_as_pattern=&#8220;without_pattern&#8220; css=&#8220;.vc_custom_1621265124996{margin-top: 50px !important;background-color: #1d7fc1 !important;}&#8220; z_index=&#8220;&#8220;][vc_column width=&#8220;1\/6&#8243;][\/vc_column][vc_column css_animation=&#8220;fadeInUp&#8220; width=&#8220;2\/3&#8243;][vc_empty_space height=&#8220;50px&#8220;][vc_column_text]<\/p>\n<h1 style=\"text-align: center;\">The monument to Jovan Jovanovi\u0107 Zmaj is the first monument in this area and was built in 1911 for the first time.<\/h1>\n<p>[\/vc_column_text][vc_empty_space height=&#8220;50px&#8220;][\/vc_column][vc_column width=&#8220;1\/6&#8243;][\/vc_column][\/vc_row][vc_row css_animation=&#8220;&#8220; row_type=&#8220;row&#8220; use_row_as_full_screen_section=&#8220;no&#8220; type=&#8220;full_width&#8220; angled_section=&#8220;no&#8220; text_align=&#8220;left&#8220; background_image_as_pattern=&#8220;without_pattern&#8220; z_index=&#8220;&#8220;][vc_column][vc_empty_space]<div class=\"qode-advanced-image-gallery  qode-aig-grid-type qode-tiny-space   \">\n\t<div class=\"qode-aig-inner qode-outer-space qode-aig-grid qode-aig-three-columns\">\n\t\t\t\t\t<div class=\"qode-aig-image qode-item-space\">\n\t\t\t\t<div class=\"qode-aig-image-inner\">\n\t\t\t\t\t\t\t\t\t\t\t<img loading=\"lazy\" decoding=\"async\" src=\"https:\/\/toruma.hola.rs\/wp-content\/uploads\/2023\/03\/Custom-dimensions-600x600-px-10-400x400.jpeg\" alt=\"\" width=\"400\" height=\"400\" \/>\t\t\t\t\t\t<span class=\"aig-gallery-hover\">\n\t\t\t\t\t\t\t\t\t\t\t\t\t<\/span>\n\t\t\t\t\t\t\t\t\t<\/div>\n\t\t\t<\/div>\n\t\t\t\t\t<div class=\"qode-aig-image qode-item-space\">\n\t\t\t\t<div class=\"qode-aig-image-inner\">\n\t\t\t\t\t\t\t\t\t\t\t<img loading=\"lazy\" decoding=\"async\" src=\"https:\/\/toruma.hola.rs\/wp-content\/uploads\/2023\/03\/JJ-Zmaj-400x400.jpeg\" alt=\"\" width=\"400\" height=\"400\" \/>\t\t\t\t\t\t<span class=\"aig-gallery-hover\">\n\t\t\t\t\t\t\t\t\t\t\t\t\t<\/span>\n\t\t\t\t\t\t\t\t\t<\/div>\n\t\t\t<\/div>\n\t\t\t\t\t<div class=\"qode-aig-image qode-item-space\">\n\t\t\t\t<div class=\"qode-aig-image-inner\">\n\t\t\t\t\t\t\t\t\t\t\t<img loading=\"lazy\" decoding=\"async\" src=\"https:\/\/toruma.hola.rs\/wp-content\/uploads\/2023\/03\/Avionsko-krilo-2-400x400.jpeg\" alt=\"\" width=\"400\" height=\"400\" \/>\t\t\t\t\t\t<span class=\"aig-gallery-hover\">\n\t\t\t\t\t\t\t\t\t\t\t\t\t<\/span>\n\t\t\t\t\t\t\t\t\t<\/div>\n\t\t\t<\/div>\n\t\t\t<\/div>\n<\/div>[\/vc_column][\/vc_row][vc_row css_animation=&#8220;&#8220; row_type=&#8220;row&#8220; use_row_as_full_screen_section=&#8220;no&#8220; type=&#8220;full_width&#8220; angled_section=&#8220;no&#8220; text_align=&#8220;left&#8220; background_image_as_pattern=&#8220;without_pattern&#8220; css=&#8220;.vc_custom_1621264559093{margin-top: 80px !important;margin-bottom: 80px !important;}&#8220; z_index=&#8220;&#8220;][vc_column width=&#8220;1\/6&#8243;][\/vc_column][vc_column css_animation=&#8220;none&#8220; width=&#8220;2\/3&#8243;][vc_column_text]<\/p>\n<div class=\"mkdf-info-section-part mkdf-tour-item-content\">\n<div class=\"vc_row wpb_row vc_row-fluid\">\n<div class=\"wpb_column vc_column_container vc_col-sm-12\">\n<div class=\"vc_column-inner\">\n<div class=\"wpb_wrapper\">\n<div class=\"wpb_text_column wpb_content_element\">\n<div class=\"wpb_wrapper\">\n<div class=\"mkdf-info-section-part mkdf-tour-item-content\">\n<div class=\"vc_row wpb_row vc_row-fluid\">\n<div class=\"wpb_column vc_column_container vc_col-sm-12\">\n<div class=\"vc_column-inner\">\n<div class=\"wpb_wrapper\">\n<div class=\"wpb_text_column wpb_content_element\">\n<div class=\"wpb_wrapper\">\n<h2 style=\"text-align: center;\">MONUMENT TO JOVAN JOVANOVI\u0106 ZMAJ<\/h2>\n<p>&nbsp;<\/p>\n<p>Monument to &#8222;Jovan Jovanovi\u0107 Zmaj&#8220; in front of the school of the same name &#8211; Seven years after the death of the famous poet Jovan Jovanovi\u0107 Zmaj, the Serbian women&#8217;s charitable cooperative in Ruma launched an action to raise his monument.<\/p>\n<p>&nbsp;<\/p>\n<p>This whole space is shaped like a forum where various activities, festivities and gatherings take place. In the middle of the 20th century, there was a large green area in the place where today&#8217;s monument is located.<\/p>\n<p>&nbsp;<\/p>\n<p>The initiator of this action was Milena Miladinovi\u0107, bearing in mind the fact that the famous poet was happy to stay in our city. In just eight months, from March to October 1911, the necessary funds were collected and the monument was built. The bust of the poet was made by Belgrade sculptor \u0110or\u0111e Jovanovi\u0107, a regular member of SANU.<\/p>\n<p>&nbsp;<\/p>\n<p>The bronze bust is placed on a marble plinth, at the base of which is carved a lyre, a laurel branch, and a wreath with a bouquet of roses as a memory of \u0110uli\u0107i (roses in Turkish). At the top of the plinth, directly below the bust, the poet&#8217;s name and year of birth and death are engraved: &#8222;\u010cIKA JOVA ZMAJ 1833 &#8211; 1904&#8220;, and below this inscription is engraved the text: &#8222;TO FAVORITE POET &#8211; GRATEFUL SERBIAN WOMEN&#8220;.<\/p>\n<p>&nbsp;<\/p>\n<p>The monument was placed in front of the Serbian school, today &#8222;Zmaj Jova Jovanovi\u0107&#8220; elementary school, and was ceremonially unveiled on October 23, 1911. It was the first monument built to the famous poet, not counting the one on his grave in Sremska Kamenica. During the First World War, the monument was demolished and hidden by Hungarian soldiers. After the war, it was installed again in the same place. In the Second World War, the Croatian army removed the monument again and it disappeared without a trace. Finally, in 1951, a new monument was created that still adorns the plateau in front of the Dragon School. It was modeled after the old monument. It was ceremoniously unveiled on June 3, 1951, as can be seen from the inscription on it: &#8222;RESTORED BY THE CITY PEOPLE&#8217;S COMMITTEE AND ORGANIZATION OF THE POPULAR FRONT &#8211; RUMA 3rd June 1951.&#8220; According to the memories of Professor \u0110or\u0111e Arseni\u0107, it was made by the sculptor Ilija Kolarevi\u0107, who was a student of \u0110or\u0111e Jovanovi\u0107.<\/p>\n<\/div>\n<\/div>\n<\/div>\n<\/div>\n<\/div>\n<\/div>\n<\/div>\n<\/div>\n<\/div>\n<\/div>\n<\/div>\n<\/div>\n<\/div>\n<\/div>\n<p>[\/vc_column_text][\/vc_column][vc_column width=&#8220;1\/6&#8243;][\/vc_column][\/vc_row][vc_row css_animation=&#8220;&#8220; row_type=&#8220;row&#8220; use_row_as_full_screen_section=&#8220;no&#8220; type=&#8220;full_width&#8220; angled_section=&#8220;no&#8220; text_align=&#8220;left&#8220; background_image_as_pattern=&#8220;without_pattern&#8220; css=&#8220;.vc_custom_1621264559093{margin-top: 80px !important;margin-bottom: 80px !important;}&#8220; z_index=&#8220;&#8220;][vc_column width=&#8220;1\/6&#8243;][\/vc_column][vc_column css_animation=&#8220;none&#8220; width=&#8220;2\/3&#8243;][vc_column_text]<\/p>\n<div class=\"mkdf-info-section-part mkdf-tour-item-content\">\n<div class=\"vc_row wpb_row vc_row-fluid\">\n<div class=\"wpb_column vc_column_container vc_col-sm-12\">\n<div class=\"vc_column-inner\">\n<div class=\"wpb_wrapper\">\n<div class=\"wpb_text_column wpb_content_element\">\n<div class=\"wpb_wrapper\">\n<div class=\"mkdf-info-section-part mkdf-tour-item-content\">\n<div class=\"vc_row wpb_row vc_row-fluid\">\n<div class=\"wpb_column vc_column_container vc_col-sm-12\">\n<div class=\"vc_column-inner\">\n<div class=\"wpb_wrapper\">\n<div class=\"wpb_text_column wpb_content_element\">\n<div class=\"wpb_wrapper\">\n<h2 style=\"text-align: center;\">&#8222;AIRCRAFT WING&#8220; MONUMENT<\/h2>\n<p>&nbsp;<\/p>\n<p>The monument in the form of an airplane wing is located outside the settlement, in the extension of Vladimira Nazor Street, on the site<br \/>\nwhere in the first half of 1945 there was a war airfield, from which, towards the end of the Second World War,<br \/>\nthe planes that took part in the breakthrough of the Srem front took off.<br \/>\nThis whole space is shaped like a forum where various activities, festivities, and gatherings take place. In the middle of the 20th century, there was a large green area in the place where today&#8217;s monument is located.<\/p>\n<p>&nbsp;<\/p>\n<p>The monument was built ten years after the end of the Second World War.<br \/>\nAlso, the monument preserves the memory of the first pilot school in Serbia that worked from 1948 to 1954 at this airport. During the commemoration of five decades since the opening of the pilot school, a commemorative plaque to this school was placed on the monument.<\/p>\n<\/div>\n<\/div>\n<\/div>\n<\/div>\n<\/div>\n<\/div>\n<\/div>\n<\/div>\n<\/div>\n<\/div>\n<\/div>\n<\/div>\n<\/div>\n<\/div>\n<p>[\/vc_column_text][\/vc_column][vc_column width=&#8220;1\/6&#8243;][\/vc_column][\/vc_row][vc_row css_animation=&#8220;&#8220; row_type=&#8220;row&#8220; use_row_as_full_screen_section=&#8220;no&#8220; type=&#8220;full_width&#8220; angled_section=&#8220;no&#8220; text_align=&#8220;left&#8220; background_image_as_pattern=&#8220;without_pattern&#8220;][vc_column][vc_empty_space height=&#8220;80px&#8220;][\/vc_column][\/vc_row]<\/p>\n","protected":false},"excerpt":{"rendered":"<p>[vc_row css_animation=&#8220;&#8220; row_type=&#8220;row&#8220; use_row_as_full_screen_section=&#8220;no&#8220; type=&#8220;full_width&#8220; angled_section=&#8220;no&#8220; text_align=&#8220;left&#8220; background_image_as_pattern=&#8220;without_pattern&#8220; css=&#8220;.vc_custom_1621264559093{margin-top: 80px !important;margin-bottom: 80px !important;}&#8220; z_index=&#8220;&#8220;][vc_column width=&#8220;1\/6&#8243;][\/vc_column][vc_column css_animation=&#8220;none&#8220; width=&#8220;2\/3&#8243;][vc_column_text] REVOLUTION MONUMENT &nbsp; In the middle of the city center, in 1975, the Monument to the Revolution was placed, which was the work of architects Sveta Davi\u010d and&#8230;<\/p>\n","protected":false},"author":1,"featured_media":0,"parent":0,"menu_order":0,"comment_status":"closed","ping_status":"closed","template":"full_width.php","meta":{"footnotes":""},"class_list":["post-1808","page","type-page","status-publish","hentry"],"_links":{"self":[{"href":"https:\/\/toruma.hola.rs\/index.php?rest_route=\/wp\/v2\/pages\/1808","targetHints":{"allow":["GET"]}}],"collection":[{"href":"https:\/\/toruma.hola.rs\/index.php?rest_route=\/wp\/v2\/pages"}],"about":[{"href":"https:\/\/toruma.hola.rs\/index.php?rest_route=\/wp\/v2\/types\/page"}],"author":[{"embeddable":true,"href":"https:\/\/toruma.hola.rs\/index.php?rest_route=\/wp\/v2\/users\/1"}],"replies":[{"embeddable":true,"href":"https:\/\/toruma.hola.rs\/index.php?rest_route=%2Fwp%2Fv2%2Fcomments&post=1808"}],"version-history":[{"count":8,"href":"https:\/\/toruma.hola.rs\/index.php?rest_route=\/wp\/v2\/pages\/1808\/revisions"}],"predecessor-version":[{"id":3378,"href":"https:\/\/toruma.hola.rs\/index.php?rest_route=\/wp\/v2\/pages\/1808\/revisions\/3378"}],"wp:attachment":[{"href":"https:\/\/toruma.hola.rs\/index.php?rest_route=%2Fwp%2Fv2%2Fmedia&parent=1808"}],"curies":[{"name":"wp","href":"https:\/\/api.w.org\/{rel}","templated":true}]}}