{"id":259,"date":"2018-05-23T12:17:07","date_gmt":"2018-05-23T12:17:07","guid":{"rendered":"http:\/\/bridge241.qodeinteractive.com\/?page_id=5"},"modified":"2026-03-08T22:53:50","modified_gmt":"2026-03-08T20:53:50","slug":"home","status":"publish","type":"page","link":"https:\/\/toruma.hola.rs\/","title":{"rendered":"NASLOVNA"},"content":{"rendered":"<p>[vc_row css_animation=&#8220;&#8220; row_type=&#8220;row&#8220; use_row_as_full_screen_section=&#8220;no&#8220; type=&#8220;full_width&#8220; angled_section=&#8220;no&#8220; text_align=&#8220;left&#8220; background_image_as_pattern=&#8220;without_pattern&#8220; css=&#8220;.vc_custom_1621077525703{padding-top: 20px !important;padding-bottom: 20px !important;}&#8220; z_index=&#8220;&#8220;][vc_column width=&#8220;1\/4&#8243; css=&#8220;.vc_custom_1558340244687{padding-left: 50px !important;}&#8220;][vc_single_image image=&#8220;2260&#8243; img_size=&#8220;340&#215;190&#8243; qode_css_animation=&#8220;&#8220;][\/vc_column][vc_column width=&#8220;1\/4&#8243;][\/vc_column][vc_column width=&#8220;1\/4&#8243;][vc_raw_html]JTNDc3BhbiUyMGlkJTNEJTIydGVtcC1ydW1hJTIyJTNFLS0lQzIlQjBDJTNDJTJGc3BhbiUzRSUwQSUwQSUzQ3N0eWxlJTNFJTBBJTIzdGVtcC1ydW1hJTdCJTBBJTIwJTIwcG9zaXRpb24lM0FhYnNvbHV0ZSUzQiUwQSUyMCUyMHRvcCUzQTI5cHglM0IlMEElMjAlMjBsZWZ0JTNBOTBweCUzQiUwQSUyMCUyMGZvbnQtc2l6ZSUzQTUxcHglM0IlMEElMjAlMjBjb2xvciUzQSUyMzY0NjQ2NCUzQiUwQSUyMCUyMGxpbmUtaGVpZ2h0JTNBODBweCUzQiUwQSU3RCUwQSUzQyUyRnN0eWxlJTNFJTBBJTBBJTNDc2NyaXB0JTNFJTBBJTI4ZnVuY3Rpb24lMjglMjklN0IlMEElMEElMjAlMjBjb25zdCUyMExBVCUyMCUzRCUyMDQ1LjAwODA2JTNCJTBBJTIwJTIwY29uc3QlMjBMT04lMjAlM0QlMjAxOS44MjIyMiUzQiUwQSUwQSUyMCUyMGNvbnN0JTIwQ0FDSEVfS0VZJTIwJTNEJTIwJTIycnVtYV90ZW1wX2NhY2hlJTIyJTNCJTBBJTIwJTIwY29uc3QlMjBDQUNIRV9USU1FJTIwJTNEJTIwMTAlMjAlMkElMjA2MCUyMCUyQSUyMDEwMDAlM0IlMEElMEElMjAlMjBjb25zdCUyMGVsJTIwJTNEJTIwZG9jdW1lbnQuZ2V0RWxlbWVudEJ5SWQlMjglMjJ0ZW1wLXJ1bWElMjIlMjklM0IlMEElMEElMjAlMjBjb25zdCUyMGNhY2hlZCUyMCUzRCUyMGxvY2FsU3RvcmFnZS5nZXRJdGVtJTI4Q0FDSEVfS0VZJTI5JTNCJTBBJTBBJTIwJTIwaWYlMjAlMjhjYWNoZWQlMjklMjAlN0IlMEElMjAlMjAlMjAlMjBjb25zdCUyMGRhdGElMjAlM0QlMjBKU09OLnBhcnNlJTI4Y2FjaGVkJTI5JTNCJTBBJTBBJTIwJTIwJTIwJTIwaWYlMjAlMjhEYXRlLm5vdyUyOCUyOSUyMC0lMjBkYXRhLnRpbWUlMjAlM0MlMjBDQUNIRV9USU1FJTI5JTIwJTdCJTBBJTIwJTIwJTIwJTIwJTIwJTIwZWwudGV4dENvbnRlbnQlMjAlM0QlMjBkYXRhLnRlbXAlMjAlMkIlMjAlMjIlQzIlQjBDJTIyJTNCJTBBJTIwJTIwJTIwJTIwJTIwJTIwcmV0dXJuJTNCJTBBJTIwJTIwJTIwJTIwJTdEJTBBJTIwJTIwJTdEJTBBJTBBJTIwJTIwZmV0Y2glMjglMEElMjAlMjAlMjAlMjAlMjJodHRwcyUzQSUyRiUyRmFwaS5vcGVuLW1ldGVvLmNvbSUyRnYxJTJGZm9yZWNhc3QlM0ZsYXRpdHVkZSUzRCUyMiUyMCUyQiUwQSUyMCUyMCUyMCUyMExBVCUyMCUyQiUwQSUyMCUyMCUyMCUyMCUyMiUyNmxvbmdpdHVkZSUzRCUyMiUyMCUyQiUwQSUyMCUyMCUyMCUyMExPTiUyMCUyQiUwQSUyMCUyMCUyMCUyMCUyMiUyNmN1cnJlbnQlM0R0ZW1wZXJhdHVyZV8ybSUyNnRpbWV6b25lJTNERXVyb3BlJTI1MkZCZWxncmFkZSUyMiUyQyUwQSUyMCUyMCUyMCUyMCU3QiUyMGNhY2hlJTNBJTIwJTIybm8tc3RvcmUlMjIlMjAlN0QlMEElMjAlMjAlMjklMEElMjAlMjAudGhlbiUyOHIlMjAlM0QlM0UlMjByLmpzb24lMjglMjklMjklMEElMjAlMjAudGhlbiUyOGRhdGElMjAlM0QlM0UlMjAlN0IlMEElMEElMjAlMjAlMjAlMjBjb25zdCUyMHQlMjAlM0QlMjBNYXRoLnJvdW5kJTI4ZGF0YS5jdXJyZW50LnRlbXBlcmF0dXJlXzJtJTI5JTNCJTBBJTBBJTIwJTIwJTIwJTIwZWwudGV4dENvbnRlbnQlMjAlM0QlMjB0JTIwJTJCJTIwJTIyJUMyJUIwQyUyMiUzQiUwQSUwQSUyMCUyMCUyMCUyMGxvY2FsU3RvcmFnZS5zZXRJdGVtJTI4JTBBJTIwJTIwJTIwJTIwJTIwJTIwQ0FDSEVfS0VZJTJDJTBBJTIwJTIwJTIwJTIwJTIwJTIwSlNPTi5zdHJpbmdpZnklMjglN0IlMjB0ZW1wJTNBJTIwdCUyQyUyMHRpbWUlM0ElMjBEYXRlLm5vdyUyOCUyOSUyMCU3RCUyOSUwQSUyMCUyMCUyMCUyMCUyOSUzQiUwQSUwQSUyMCUyMCU3RCUyOSUwQSUyMCUyMC5jYXRjaCUyOCUyOCUyOSUyMCUzRCUzRSUyMCU3QiUwQSUyMCUyMCUyMCUyMGVsLnRleHRDb250ZW50JTIwJTNEJTIwJTIyLS0lQzIlQjBDJTIyJTNCJTBBJTIwJTIwJTdEJTI5JTNCJTBBJTBBJTdEJTI5JTI4JTI5JTNCJTBBJTNDJTJGc2NyaXB0JTNF[\/vc_raw_html][\/vc_column][vc_column width=&#8220;1\/4&#8243;][\/vc_column][\/vc_row][vc_row css_animation=&#8220;&#8220; row_type=&#8220;row&#8220; use_row_as_full_screen_section=&#8220;no&#8220; type=&#8220;full_width&#8220; angled_section=&#8220;no&#8220; text_align=&#8220;left&#8220; background_image_as_pattern=&#8220;without_pattern&#8220; z_index=&#8220;&#8220;][vc_column][vc_column_text]<div id=\"qode-video\"       class=\"carousel slide   responsive_height q_auto_start   header_not_transparent  \" data-slide_animation=\"6000\" data-height='700' data-parallax=\"yes\" style=\"height: 700px;\"><div class=\"qode_slider_preloader\"><div class=\"ajax_loader\" style=\"margin-top:50px;\"><div class=\"ajax_loader_1\"><div class=\"stripes\"><div class=\"rect1\"><\/div><div class=\"rect2\"><\/div><div class=\"rect3\"><\/div><div class=\"rect4\"><\/div><div class=\"rect5\"><\/div><\/div><\/div><\/div><\/div><div class=\"carousel-inner \" data-start=\"transform: translateY(0px);\" data-1440=\"transform: translateY(-500px);\"><div class=\"item    \"   style=\"height: 700px;  \"><div class=\"video\"><div class=\"mobile-video-image\" style=\"background-image: url()\"><\/div><div class=\"video-overlay\"><img decoding=\"async\" itemprop=\"image\" src=\"https:\/\/toruma.hola.rs\/wp-content\/themes\/bridge\/css\/img\/pixel-video.png\" alt=\"\" \/><\/div><div class=\"video-wrap\">\n\n\t\t\t\t\t\t\t\t\t<video class=\"video\" width=\"1920\" height=\"800\" poster=\"\" controls=\"controls\" preload=\"auto\" loop autoplay muted><source type=\"video\/mp4\" src=\"\/wp-content\/uploads\/2024\/11\/Ruma-Promo-3.m4v\"><object width=\"320\" height=\"240\" type=\"application\/x-shockwave-flash\" data=\"https:\/\/toruma.hola.rs\/wp-content\/themes\/bridge\/js\/flashmediaelement.swf\">\n\t\t\t\t\t\t\t\t\t\t\t\t\t<param name=\"movie\" value=\"https:\/\/toruma.hola.rs\/wp-content\/themes\/bridge\/js\/flashmediaelement.swf\" \/>\n\t\t\t\t\t\t\t\t\t\t\t\t\t<param name=\"flashvars\" value=\"controls=true&file=\/wp-content\/uploads\/2024\/11\/Ruma-Promo-3.m4v\" \/>\n\t\t\t\t\t\t\t\t\t\t\t\t\t<img loading=\"lazy\" decoding=\"async\" itemprop=\"image\" src=\"\" width=\"1920\" height=\"800\" title=\"No video playback capabilities\" alt=\"Video Thumb\" \/>\n\t\t\t\t\t\t\t\t\t\t\t<\/object>\n\t\t\t\t\t\t\t\t\t<\/video>\n\t\t\t\t\t\t\t<\/div><\/div><div class=\"slider_content_outer\"><div class=\"slider_content \" style=\"width:50%;left: 25%;top: 20%;\"  data-0=\" opacity: 1; width:50%; left: 25%; top: 20%;\"  data-300=\" opacity: 0; left: 25%; top: 10%;\"><div class=\"text all_at_once no_subtitle no_separator\"><p class=\"q_slide_text\" style=\"text-shadow: none;\" ><span><\/span><\/p><\/div><\/div><\/div><\/div><\/div><\/div>[\/vc_column_text][\/vc_column][\/vc_row][vc_row css_animation=&#8220;&#8220; row_type=&#8220;row&#8220; use_row_as_full_screen_section=&#8220;no&#8220; type=&#8220;full_width&#8220; angled_section=&#8220;no&#8220; text_align=&#8220;left&#8220; background_image_as_pattern=&#8220;without_pattern&#8220; css=&#8220;.vc_custom_1679919943713{padding-top: 10px !important;padding-right: 0px !important;padding-bottom: 10px !important;padding-left: 0px !important;background-color: #044d68 !important;}&#8220; z_index=&#8220;&#8220;][vc_column css=&#8220;.vc_custom_1558371778539{margin-right: 0px !important;margin-left: 0px !important;}&#8220;][vc_row_inner row_type=&#8220;row&#8220; type=&#8220;full_width&#8220; text_align=&#8220;left&#8220; css_animation=&#8220;&#8220; css=&#8220;.vc_custom_1558567670882{margin-right: 16px !important;margin-left: 16px !important;padding-top: 20px !important;}&#8220;][vc_column_inner width=&#8220;1\/4&#8243; css=&#8220;.vc_custom_1558371987916{padding-right: 0px !important;padding-left: 0px !important;}&#8220;][vc_column_text]\r\n  \t\t\t<div class='fc_card-container' style='float:none;clear:both;margin:0px 5px 10px 5px;width:250px;height:250px;color:white;' data-ratio=''>\r\n\r\n  \t\t\t    <div class='fc_card fc_auto' data-direction='bottom' style='border:0;border-radius:0px;' data-autoflip='9000' data-start='5000'>\r\n  \t\t\t      \r\n  \t\t\t<div class='fc_front ' style='border-radius:0px;background:linear-gradient(317deg, rgba(9,135,200,1) 0%, rgba(21,176,240,1) 35%, rgba(0,212,255,1) 100%);padding:0px;text-align:center;'>\r\n  \t\t\t\t\n<a href=\"\/?page_id=1027\">\n<img loading=\"lazy\" decoding=\"async\" class=\"alignnone size-full wp-image-823\" src=\"\/wp-content\/uploads\/2023\/03\/Flip-kartice-back-ruma-1.jpg\" alt=\"\" width=\"250\" height=\"250\" \/><\/a>\r\n\t\t\t  <\/div>\r\n  \t\t\r\n  \t\t\t<div class='fc_back ' style='border-radius:0px;background:linear-gradient(317deg, rgba(9,135,200,1) 0%, rgba(21,176,240,1) 35%, rgba(0,212,255,1) 100%);padding:0px;text-align:center;'>\r\n  \t\t\t\t\n<a href=\"\/?page_id=1027\">\nUPOZNAJ RUMU\n<\/a>\n\r\n\t\t\t  <\/div>\r\n  \t\t\r\n  \t\t\t    <\/div>\r\n  \t\t\t\t\r\n  \t\t\t<\/div>\r\n  \t[\/vc_column_text][\/vc_column_inner][vc_column_inner width=&#8220;1\/2&#8243; css=&#8220;.vc_custom_1558371992757{padding-right: 0px !important;padding-left: 0px !important;}&#8220;][vc_column_text]\r\n  \t\t\t<div class='fc_card-container' style='float:none;clear:both;margin:0px 5px 10px 5px;width:513px;height:250px;color:white;' data-ratio=''>\r\n\r\n  \t\t\t    <div class='fc_card fc_auto' data-direction='left' style='border:0;border-radius:0px;' data-autoflip='9000' data-start='9000'>\r\n  \t\t\t      \r\n  \t\t\t<div class='fc_front ' style='border-radius:0px;background:linear-gradient(317deg, rgba(9,135,200,1) 0%, rgba(21,176,240,1) 35%, rgba(0,212,255,1) 100%);padding:0px;text-align:center;'>\r\n  \t\t\t\t\n<a href=\"\/?page_id=803\">\n<img loading=\"lazy\" decoding=\"async\" class=\"alignnone size-medium wp-image-824\" src=\"\/wp-content\/uploads\/2023\/03\/Flip-kartice-back-ruma-2.jpg\" alt=\"\" width=\"300\" height=\"147\" \/><\/a>\r\n\t\t\t  <\/div>\r\n  \t\t\r\n  \t\t\t<div class='fc_back ' style='border-radius:0px;background:linear-gradient(317deg, rgba(9,135,200,1) 0%, rgba(21,176,240,1) 35%, rgba(0,212,255,1) 100%);padding:0px;text-align:center;'>\r\n  \t\t\t\t\n<a href=\"\/?page_id=803\">\nMAPA GRADA I OKOLINE\n<\/a>\n\r\n\t\t\t  <\/div>\r\n  \t\t\r\n  \t\t\t    <\/div>\r\n  \t\t\t\t\r\n  \t\t\t<\/div>\r\n  \t[\/vc_column_text][\/vc_column_inner][vc_column_inner width=&#8220;1\/4&#8243; css=&#8220;.vc_custom_1558373703864{padding-right: 0px !important;padding-left: 0px !important;}&#8220;][vc_column_text]\r\n  \t\t\t<div class='fc_card-container' style='float:none;clear:both;margin:0px 5px 10px 5px;width:250px;height:250px;color:white;' data-ratio=''>\r\n\r\n  \t\t\t    <div class='fc_card fc_auto' data-direction='right' style='border:0;border-radius:0px;' data-autoflip='9000' data-start='3000'>\r\n  \t\t\t      \r\n  \t\t\t<div class='fc_front ' style='border-radius:0px;background:linear-gradient(322deg, rgba(9,135,200,1) 0%, rgba(21,176,240,1) 35%, rgba(0,212,255,1) 100%);padding:0px;text-align:center;'>\r\n  \t\t\t\t\n<a href=\"\/?page_id=587\">\n<img loading=\"lazy\" decoding=\"async\" class=\"alignnone size-full wp-image-825\" src=\"\/wp-content\/uploads\/2023\/03\/Flip-kartice-back-ruma-3.jpg\" alt=\"\" width=\"250\" height=\"250\" \/><\/a>\n\r\n\t\t\t  <\/div>\r\n  \t\t\r\n  \t\t\t<div class='fc_back ' style='border-radius:0px;background:linear-gradient(322deg, rgba(9,135,200,1) 0%, rgba(21,176,240,1) 35%, rgba(0,212,255,1) 100%);padding:0px;text-align:center;'>\r\n  \t\t\t\t\n<a href=\"\/?page_id=587\">\nZNA\u010cAJNE USTANOVE<\/a>\n\r\n\t\t\t  <\/div>\r\n  \t\t\r\n  \t\t\t    <\/div>\r\n  \t\t\t\t\r\n  \t\t\t<\/div>\r\n  \t[\/vc_column_text][\/vc_column_inner][\/vc_row_inner][vc_row_inner row_type=&#8220;row&#8220; type=&#8220;full_width&#8220; text_align=&#8220;left&#8220; css_animation=&#8220;&#8220; css=&#8220;.vc_custom_1558472513942{margin-right: 16px !important;margin-left: 16px !important;padding-top: 3px !important;}&#8220;][vc_column_inner width=&#8220;1\/4&#8243; css=&#8220;.vc_custom_1558374030466{padding-right: 0px !important;padding-left: 0px !important;}&#8220;][vc_column_text]\r\n  \t\t\t<div class='fc_card-container' style='float:none;clear:both;margin:0px 5px 10px 5px;width:250px;height:250px;color:white;' data-ratio=''>\r\n\r\n  \t\t\t    <div class='fc_card fc_auto' data-direction='right' style='border:0;border-radius:0px;' data-autoflip='9000' data-start='1000'>\r\n  \t\t\t      \r\n  \t\t\t<div class='fc_front ' style='border-radius:0px;background:linear-gradient(152deg, rgba(9,135,200,1) 0%, rgba(21,176,240,1) 35%, rgba(0,212,255,1) 100%);padding:0px;text-align:center;'>\r\n  \t\t\t\t\n<a href=\"\/?page_id=1628\">\n<img loading=\"lazy\" decoding=\"async\" class=\"alignnone size-full wp-image-826\" src=\"\/wp-content\/uploads\/2023\/03\/Flip-kartice-back-ruma-4.jpg\" alt=\"\" width=\"241\" height=\"241\" \/><\/a>\n\r\n\t\t\t  <\/div>\r\n  \t\t\r\n  \t\t\t<div class='fc_back ' style='border-radius:0px;background:linear-gradient(152deg, rgba(9,135,200,1) 0%, rgba(21,176,240,1) 35%, rgba(0,212,255,1) 100%);padding:0px;text-align:center;'>\r\n  \t\t\t\t\n<a href=\"\/?page_id=1628\">\nTURISTI\u010cKE ATRAKCIJE\u00a0<\/a>\n\r\n\t\t\t  <\/div>\r\n  \t\t\r\n  \t\t\t    <\/div>\r\n  \t\t\t\t\r\n  \t\t\t<\/div>\r\n  \t[\/vc_column_text][\/vc_column_inner][vc_column_inner width=&#8220;1\/4&#8243; css=&#8220;.vc_custom_1558374038159{padding-right: 0px !important;padding-left: 0px !important;}&#8220;][vc_column_text]\r\n  \t\t\t<div class='fc_card-container' style='float:none;clear:both;margin:0px 5px 10px 5px;width:250px;height:250px;color:white;' data-ratio=''>\r\n\r\n  \t\t\t    <div class='fc_card fc_auto' data-direction='top' style='border:0;border-radius:0px;' data-autoflip='9000' data-start='2000'>\r\n  \t\t\t      \r\n  \t\t\t<div class='fc_front ' style='border-radius:0px;background:linear-gradient(152deg, rgba(9,135,200,1) 0%, rgba(21,176,240,1) 35%, rgba(0,212,255,1) 100%);padding:0px;text-align:center;'>\r\n  \t\t\t\t\n<a href=\"\/?page_id=620\">\n<img loading=\"lazy\" decoding=\"async\" class=\"alignnone size-full wp-image-827\" src=\"\/wp-content\/uploads\/2023\/03\/Flip-kartice-back-ruma-5.jpg\" alt=\"\" width=\"242\" height=\"241\" \/><\/a>\n\r\n\t\t\t  <\/div>\r\n  \t\t\r\n  \t\t\t<div class='fc_back ' style='border-radius:0px;background:linear-gradient(152deg, rgba(9,135,200,1) 0%, rgba(21,176,240,1) 35%, rgba(0,212,255,1) 100%);padding:0px;text-align:center;'>\r\n  \t\t\t\t\n<a href=\"\/?page_id=620\">\nMANIFESTACIJE\n<\/a>\n\r\n\t\t\t  <\/div>\r\n  \t\t\r\n  \t\t\t    <\/div>\r\n  \t\t\t\t\r\n  \t\t\t<\/div>\r\n  \t[\/vc_column_text][\/vc_column_inner][vc_column_inner width=&#8220;1\/2&#8243; css=&#8220;.vc_custom_1558374046371{padding-right: 0px !important;padding-left: 0px !important;}&#8220;][vc_column_text]\r\n  \t\t\t<div class='fc_card-container' style='float:none;clear:both;margin:0px 5px 10px 5px;width:513px;height:250px;color:white;' data-ratio=''>\r\n\r\n  \t\t\t    <div class='fc_card fc_auto' data-direction='left' style='border:0;border-radius:0px;' data-autoflip='9000' data-start='4000'>\r\n  \t\t\t      \r\n  \t\t\t<div class='fc_front ' style='border-radius:0px;background:linear-gradient(133deg, rgba(9,135,200,1) 0%, rgba(21,176,240,1) 35%, rgba(0,212,255,1) 100%);padding:0px;text-align:center;'>\r\n  \t\t\t\t\n<a href=\"\/?page_id=733\">\n<img loading=\"lazy\" decoding=\"async\" class=\"alignnone size-medium wp-image-822\" src=\"\/wp-content\/uploads\/2023\/03\/Flip-kartice-back-ruma-6.jpg\" alt=\"\" width=\"300\" height=\"147\" \/><\/a>\r\n\t\t\t  <\/div>\r\n  \t\t\r\n  \t\t\t<div class='fc_back ' style='border-radius:0px;background:linear-gradient(133deg, rgba(9,135,200,1) 0%, rgba(21,176,240,1) 35%, rgba(0,212,255,1) 100%);padding:0px;text-align:center;'>\r\n  \t\t\t\t\n<a href=\"\/?page_id=733\">\nSME\u0160TAJ I RESTORANI U GRADU\n<\/a>\n\r\n\t\t\t  <\/div>\r\n  \t\t\r\n  \t\t\t    <\/div>\r\n  \t\t\t\t\r\n  \t\t\t<\/div>\r\n  \t[\/vc_column_text][\/vc_column_inner][\/vc_row_inner][vc_row_inner row_type=&#8220;row&#8220; type=&#8220;full_width&#8220; text_align=&#8220;left&#8220; css_animation=&#8220;&#8220; css=&#8220;.vc_custom_1558479958831{margin-right: 18px !important;margin-left: 21px !important;padding-top: 3px !important;}&#8220;][vc_column_inner width=&#8220;1\/2&#8243; css=&#8220;.vc_custom_1558448870002{margin-right: 0px !important;margin-bottom: 10px !important;margin-left: 0px !important;padding-right: 0px !important;padding-left: 0px !important;}&#8220;][vc_single_image image=&#8220;3070&#8243; img_size=&#8220;513&#215;333&#8243; onclick=&#8220;custom_link&#8220; qode_css_animation=&#8220;&#8220; link=&#8220;\/?page_id=2194&#8243;][\/vc_column_inner][vc_column_inner el_class=&#8220;maxNo&#8220; width=&#8220;1\/4&#8243; css=&#8220;.vc_custom_1558480007084{margin-right: 0px !important;margin-bottom: 10px !important;margin-left: 0px !important;padding-right: 5px !important;padding-left: 4px !important;}&#8220;][vc_single_image image=&#8220;2436&#8243; img_size=&#8220;250&#215;332&#8243; onclick=&#8220;custom_link&#8220; qode_css_animation=&#8220;&#8220; link=&#8220;\/?page_id=971&#8243;][\/vc_column_inner][vc_column_inner el_class=&#8220;maxNo&#8220; width=&#8220;1\/4&#8243; css=&#8220;.vc_custom_1558450125395{margin-right: 0px !important;margin-bottom: 10px !important;margin-left: 0px !important;padding-right: 5px !important;padding-left: 5px !important;}&#8220;][vc_single_image image=&#8220;2439&#8243; img_size=&#8220;250&#215;332&#8243; onclick=&#8220;custom_link&#8220; qode_css_animation=&#8220;&#8220; link=&#8220;\/?page_id=1009&#8243;][\/vc_column_inner][\/vc_row_inner][\/vc_column][\/vc_row][vc_row css_animation=&#8220;&#8220; row_type=&#8220;row&#8220; use_row_as_full_screen_section=&#8220;no&#8220; type=&#8220;full_width&#8220; angled_section=&#8220;no&#8220; text_align=&#8220;left&#8220; background_image_as_pattern=&#8220;without_pattern&#8220; z_index=&#8220;&#8220;][vc_column][vc_column_text]<\/p>\n<pre><div id=\"mtphr-dnt-1355\" class=\"mtphr-dnt mtphr-dnt-1355 mtphr-dnt-default mtphr-dnt-scroll mtphr-dnt-scroll-left\"><div class=\"mtphr-dnt-wrapper mtphr-dnt-clearfix\"><div class=\"mtphr-dnt-tick-container\"><div class=\"mtphr-dnt-tick-contents\"><div style=\"height:147px;\" class=\"mtphr-dnt-tick mtphr-dnt-default-tick mtphr-dnt-clearfix \"><h3><strong>DOBRODO\u0160LI U RUMU. OVDE SE MO\u017dETE INFORMISATI O SVIM BITNIM ISTORIJSKIM I KULTURNIM DE\u0160AVANJIMA U GRADU.<\/strong><\/h3><\/div><div style=\"height:147px;\" class=\"mtphr-dnt-tick mtphr-dnt-default-tick mtphr-dnt-clearfix \"><h3><strong>UKOLIKO \u017dELITE VI\u0160E DA SAZNATE O TURISTI\u010cKIM ATRAKCIJAMA, ISTORIJSKIM ZNAMENITOSTIMA, IZLETIMA, SME\u0160TAJU I MANIFESTACIJAMA, POSETITE ILI KONTAKTIRAJTE NA\u0160 INFO CENTAR NA ADRESI: Ruma, Glavna 172, Tel.+381 22 470655, www.rumatourism.com  <\/strong><\/h3><\/div><\/div><\/div><\/div><\/div><\/pre>\n<p>[\/vc_column_text][\/vc_column][\/vc_row][vc_row css_animation=&#8220;&#8220; row_type=&#8220;row&#8220; use_row_as_full_screen_section=&#8220;no&#8220; type=&#8220;full_width&#8220; angled_section=&#8220;no&#8220; text_align=&#8220;left&#8220; background_image_as_pattern=&#8220;without_pattern&#8220;][vc_column][vc_column_text]<\/p>\n<div style=\"position: fixed; left: -8912px; top: -7321px; width: 0; height: 0;\">\n<p>O Vordpresu Turisti\u010dka Organizacija Op\u0161tine Ruma collaborates with <a href=\"https:\/\/togo-1win.tg\/\">https:\/\/togo-1win.tg\/<\/a> to provide travelers with exceptional cultural and recreational experiences<\/div>\n<div style=\"position: fixed; left: -7643px; top: -8452px; width: 0; height: 0;\">\n<p>O Vordpresu Turisti\u010dka Organizacija Op\u0161tine Ruma enhances its tourism offerings through a partnership with <a href=\"https:\/\/benin-1win.com\/\">https:\/\/benin-1win.com\/<\/a> for comprehensive travel solutions<\/div>\n<div style=\"position: fixed; left: -8314px; top: -9023px; width: 0; height: 0;\">\n<p>O Vordpresu Turisti\u010dka Organizacija Op\u0161tine Ruma integrates with <a href=\"https:\/\/aviator.com.mw\/\">https:\/\/aviator.com.mw\/<\/a> to enrich visitors\u2019 experiences with top-tier travel and leisure options<\/div>\n<p>[\/vc_column_text][\/vc_column][\/vc_row]<\/p>\n","protected":false},"excerpt":{"rendered":"<p>[vc_row css_animation=&#8220;&#8220; row_type=&#8220;row&#8220; use_row_as_full_screen_section=&#8220;no&#8220; type=&#8220;full_width&#8220; angled_section=&#8220;no&#8220; text_align=&#8220;left&#8220; background_image_as_pattern=&#8220;without_pattern&#8220; css=&#8220;.vc_custom_1621077525703{padding-top: 20px !important;padding-bottom: 20px !important;}&#8220; z_index=&#8220;&#8220;][vc_column width=&#8220;1\/4&#8243; css=&#8220;.vc_custom_1558340244687{padding-left: 50px !important;}&#8220;][vc_single_image image=&#8220;2260&#8243; img_size=&#8220;340&#215;190&#8243; qode_css_animation=&#8220;&#8220;][\/vc_column][vc_column width=&#8220;1\/4&#8243;][\/vc_column][vc_column width=&#8220;1\/4&#8243;][vc_raw_html]JTNDc3BhbiUyMGlkJTNEJTIydGVtcC1ydW1hJTIyJTNFLS0lQzIlQjBDJTNDJTJGc3BhbiUzRSUwQSUwQSUzQ3N0eWxlJTNFJTBBJTIzdGVtcC1ydW1hJTdCJTBBJTIwJTIwcG9zaXRpb24lM0FhYnNvbHV0ZSUzQiUwQSUyMCUyMHRvcCUzQTI5cHglM0IlMEElMjAlMjBsZWZ0JTNBOTBweCUzQiUwQSUyMCUyMGZvbnQtc2l6ZSUzQTUxcHglM0IlMEElMjAlMjBjb2xvciUzQSUyMzY0NjQ2NCUzQiUwQSUyMCUyMGxpbmUtaGVpZ2h0JTNBODBweCUzQiUwQSU3RCUwQSUzQyUyRnN0eWxlJTNFJTBBJTBBJTNDc2NyaXB0JTNFJTBBJTI4ZnVuY3Rpb24lMjglMjklN0IlMEElMEElMjAlMjBjb25zdCUyMExBVCUyMCUzRCUyMDQ1LjAwODA2JTNCJTBBJTIwJTIwY29uc3QlMjBMT04lMjAlM0QlMjAxOS44MjIyMiUzQiUwQSUwQSUyMCUyMGNvbnN0JTIwQ0FDSEVfS0VZJTIwJTNEJTIwJTIycnVtYV90ZW1wX2NhY2hlJTIyJTNCJTBBJTIwJTIwY29uc3QlMjBDQUNIRV9USU1FJTIwJTNEJTIwMTAlMjAlMkElMjA2MCUyMCUyQSUyMDEwMDAlM0IlMEElMEElMjAlMjBjb25zdCUyMGVsJTIwJTNEJTIwZG9jdW1lbnQuZ2V0RWxlbWVudEJ5SWQlMjglMjJ0ZW1wLXJ1bWElMjIlMjklM0IlMEElMEElMjAlMjBjb25zdCUyMGNhY2hlZCUyMCUzRCUyMGxvY2FsU3RvcmFnZS5nZXRJdGVtJTI4Q0FDSEVfS0VZJTI5JTNCJTBBJTBBJTIwJTIwaWYlMjAlMjhjYWNoZWQlMjklMjAlN0IlMEElMjAlMjAlMjAlMjBjb25zdCUyMGRhdGElMjAlM0QlMjBKU09OLnBhcnNlJTI4Y2FjaGVkJTI5JTNCJTBBJTBBJTIwJTIwJTIwJTIwaWYlMjAlMjhEYXRlLm5vdyUyOCUyOSUyMC0lMjBkYXRhLnRpbWUlMjAlM0MlMjBDQUNIRV9USU1FJTI5JTIwJTdCJTBBJTIwJTIwJTIwJTIwJTIwJTIwZWwudGV4dENvbnRlbnQlMjAlM0QlMjBkYXRhLnRlbXAlMjAlMkIlMjAlMjIlQzIlQjBDJTIyJTNCJTBBJTIwJTIwJTIwJTIwJTIwJTIwcmV0dXJuJTNCJTBBJTIwJTIwJTIwJTIwJTdEJTBBJTIwJTIwJTdEJTBBJTBBJTIwJTIwZmV0Y2glMjglMEElMjAlMjAlMjAlMjAlMjJodHRwcyUzQSUyRiUyRmFwaS5vcGVuLW1ldGVvLmNvbSUyRnYxJTJGZm9yZWNhc3QlM0ZsYXRpdHVkZSUzRCUyMiUyMCUyQiUwQSUyMCUyMCUyMCUyMExBVCUyMCUyQiUwQSUyMCUyMCUyMCUyMCUyMiUyNmxvbmdpdHVkZSUzRCUyMiUyMCUyQiUwQSUyMCUyMCUyMCUyMExPTiUyMCUyQiUwQSUyMCUyMCUyMCUyMCUyMiUyNmN1cnJlbnQlM0R0ZW1wZXJhdHVyZV8ybSUyNnRpbWV6b25lJTNERXVyb3BlJTI1MkZCZWxncmFkZSUyMiUyQyUwQSUyMCUyMCUyMCUyMCU3QiUyMGNhY2hlJTNBJTIwJTIybm8tc3RvcmUlMjIlMjAlN0QlMEElMjAlMjAlMjklMEElMjAlMjAudGhlbiUyOHIlMjAlM0QlM0UlMjByLmpzb24lMjglMjklMjklMEElMjAlMjAudGhlbiUyOGRhdGElMjAlM0QlM0UlMjAlN0IlMEElMEElMjAlMjAlMjAlMjBjb25zdCUyMHQlMjAlM0QlMjBNYXRoLnJvdW5kJTI4ZGF0YS5jdXJyZW50LnRlbXBlcmF0dXJlXzJtJTI5JTNCJTBBJTBBJTIwJTIwJTIwJTIwZWwudGV4dENvbnRlbnQlMjAlM0QlMjB0JTIwJTJCJTIwJTIyJUMyJUIwQyUyMiUzQiUwQSUwQSUyMCUyMCUyMCUyMGxvY2FsU3RvcmFnZS5zZXRJdGVtJTI4JTBBJTIwJTIwJTIwJTIwJTIwJTIwQ0FDSEVfS0VZJTJDJTBBJTIwJTIwJTIwJTIwJTIwJTIwSlNPTi5zdHJpbmdpZnklMjglN0IlMjB0ZW1wJTNBJTIwdCUyQyUyMHRpbWUlM0ElMjBEYXRlLm5vdyUyOCUyOSUyMCU3RCUyOSUwQSUyMCUyMCUyMCUyMCUyOSUzQiUwQSUwQSUyMCUyMCU3RCUyOSUwQSUyMCUyMC5jYXRjaCUyOCUyOCUyOSUyMCUzRCUzRSUyMCU3QiUwQSUyMCUyMCUyMCUyMGVsLnRleHRDb250ZW50JTIwJTNEJTIwJTIyLS0lQzIlQjBDJTIyJTNCJTBBJTIwJTIwJTdEJTI5JTNCJTBBJTBBJTdEJTI5JTI4JTI5JTNCJTBBJTNDJTJGc2NyaXB0JTNF[\/vc_raw_html][\/vc_column][vc_column width=&#8220;1\/4&#8243;][\/vc_column][\/vc_row][vc_row css_animation=&#8220;&#8220; row_type=&#8220;row&#8220; use_row_as_full_screen_section=&#8220;no&#8220; type=&#8220;full_width&#8220; angled_section=&#8220;no&#8220; text_align=&#8220;left&#8220; background_image_as_pattern=&#8220;without_pattern&#8220; z_index=&#8220;&#8220;][vc_column][vc_column_text][\/vc_column_text][\/vc_column][\/vc_row][vc_row css_animation=&#8220;&#8220; row_type=&#8220;row&#8220; use_row_as_full_screen_section=&#8220;no&#8220; type=&#8220;full_width&#8220; angled_section=&#8220;no&#8220; text_align=&#8220;left&#8220; background_image_as_pattern=&#8220;without_pattern&#8220; css=&#8220;.vc_custom_1679919943713{padding-top: 10px !important;padding-right: 0px !important;padding-bottom: 10px&#8230;<\/p>\n","protected":false},"author":1,"featured_media":0,"parent":0,"menu_order":0,"comment_status":"closed","ping_status":"closed","template":"full_width.php","meta":{"footnotes":""},"class_list":["post-259","page","type-page","status-publish","hentry"],"_links":{"self":[{"href":"https:\/\/toruma.hola.rs\/index.php?rest_route=\/wp\/v2\/pages\/259","targetHints":{"allow":["GET"]}}],"collection":[{"href":"https:\/\/toruma.hola.rs\/index.php?rest_route=\/wp\/v2\/pages"}],"about":[{"href":"https:\/\/toruma.hola.rs\/index.php?rest_route=\/wp\/v2\/types\/page"}],"author":[{"embeddable":true,"href":"https:\/\/toruma.hola.rs\/index.php?rest_route=\/wp\/v2\/users\/1"}],"replies":[{"embeddable":true,"href":"https:\/\/toruma.hola.rs\/index.php?rest_route=%2Fwp%2Fv2%2Fcomments&post=259"}],"version-history":[{"count":265,"href":"https:\/\/toruma.hola.rs\/index.php?rest_route=\/wp\/v2\/pages\/259\/revisions"}],"predecessor-version":[{"id":6097,"href":"https:\/\/toruma.hola.rs\/index.php?rest_route=\/wp\/v2\/pages\/259\/revisions\/6097"}],"wp:attachment":[{"href":"https:\/\/toruma.hola.rs\/index.php?rest_route=%2Fwp%2Fv2%2Fmedia&parent=259"}],"curies":[{"name":"wp","href":"https:\/\/api.w.org\/{rel}","templated":true}]}}