{"id":587,"date":"2019-05-14T06:07:17","date_gmt":"2019-05-14T06:07:17","guid":{"rendered":"https:\/\/toruma.hola.rs\/?page_id=587"},"modified":"2025-06-16T14:07:15","modified_gmt":"2025-06-16T12:07:15","slug":"znacajne-ustanove","status":"publish","type":"page","link":"https:\/\/toruma.hola.rs\/?page_id=587","title":{"rendered":"ZNA\u010cAJNE USTANOVE GRADA I OKOLINE"},"content":{"rendered":"<p>[vc_row css_animation=&#8220;&#8220; row_type=&#8220;row&#8220; use_row_as_full_screen_section=&#8220;no&#8220; type=&#8220;full_width&#8220; angled_section=&#8220;no&#8220; text_align=&#8220;left&#8220; background_image_as_pattern=&#8220;without_pattern&#8220; css=&#8220;.vc_custom_1621264559093{margin-top: 80px !important;margin-bottom: 80px !important;}&#8220; z_index=&#8220;&#8220;][vc_column width=&#8220;1\/6&#8243;][\/vc_column][vc_column css_animation=&#8220;none&#8220; width=&#8220;2\/3&#8243;][vc_column_text]Danas je Ruma grad sa oko 30.076 stanovnika,a cela op\u0161tina ima 54.339 stanovnika, 16 seoskih naselja i jedno gradsko naselje. Pored razvijene poljoprivrede, zastupljene su i druge privredne grane: industrija ko\u017ee, gume i obu\u0107e, gra\u0111evinskog materijala, metalna, grafi\u010dka i prehrambena industrija, saobra\u0107aj, trgovina, zanatsvo i ugostiteljstvo.<\/p>\n<p>&nbsp;<\/p>\n<p>Velika pa\u017enja posve\u0107uje se skladnom razvoju grada. Svi kapitalni objekti dru\u0161tvenog standarda i infrastrukture, izgra\u0111eni su samodoprinosom gra\u0111ana.<\/p>\n<p>&nbsp;<\/p>\n<p>Ruma raspola\u017ee mre\u017eom pred\u0161kolskih ustanova, osnovnih i srednjih \u0161kola. Ima razvijenu zdrastvenu slu\u017ebu i nekoliko apoteka, centar za socijalni rad i gerontolo\u0161ki centar. Sklop objekata kulturnog, sportsko-poslovnog centra i hotela, pru\u017eaju velike mogu\u0107nosti za razvoj kulturnih i sportskih aktivnosti i savremenog ugostiteljstva.<\/p>\n<p>&nbsp;<\/p>\n<p>Grad ima tri pravoslavne crkve, jednu katoli\u010dku, zatim muzej i biblioteku, radni\u010dki univerzitet, kulturno-umetni\u010dka dru\u0161tva, gradski hor i radio stanicu. Preko tri decenije u Rumi se odr\u017eava Festival muzi\u010dkih dru\u0161tava Vojvodine. S uspehom deluje i mlado Gradsko pozori\u0161te. Sportsko-rekreativne aktivnosti odvijaju se i na \u010detiri fudbalska igrali\u0161ta i igrali\u0161tima uz \u0161kole.<\/p>\n<p>&nbsp;<\/p>\n<p>Na Borkova\u010dkom jezeru ura\u0111ena je pla\u017ea. Sava, Obedska bara i \u0161ume u ju\u017enom delu op\u0161tine, izleti\u0161te Borkovac i nacionalni park &#8220;Fru\u0161ka gora&#8220; u severnom delu, pru\u017eaju velike mogu\u0107nosti za razvoj turizma i rekreacije.[\/vc_column_text][\/vc_column][vc_column width=&#8220;1\/6&#8243;][\/vc_column][\/vc_row][vc_row css_animation=&#8220;&#8220; row_type=&#8220;row&#8220; use_row_as_full_screen_section=&#8220;no&#8220; type=&#8220;full_width&#8220; angled_section=&#8220;no&#8220; text_align=&#8220;left&#8220; background_image_as_pattern=&#8220;without_pattern&#8220; css=&#8220;.vc_custom_1621265078506{margin-top: 50px !important;padding-right: 50px !important;padding-left: 50px !important;}&#8220; z_index=&#8220;&#8220;][vc_column css_animation=&#8220;fadeInLeft&#8220; width=&#8220;1\/2&#8243;][vc_single_image image=&#8220;2330&#8243; img_size=&#8220;full&#8220; style=&#8220;vc_box_outline&#8220; onclick=&#8220;custom_link&#8220; qode_css_animation=&#8220;&#8220; link=&#8220;\/?page_id=1720&#8243;][vc_empty_space height=&#8220;10px&#8220;][vc_column_text]<\/p>\n<h3 class=\"mkdf-tour-item-title\" style=\"text-align: center;\"><a href=\"\/?page_id=1720\"><span style=\"color: #000000;\"><strong>Turisti\u010dka organizacija<\/strong><\/span><\/a><\/h3>\n<p>[\/vc_column_text][\/vc_column][vc_column css_animation=&#8220;fadeInRight&#8220; width=&#8220;1\/2&#8243;][vc_single_image image=&#8220;2333&#8243; img_size=&#8220;full&#8220; alignment=&#8220;center&#8220; style=&#8220;vc_box_outline&#8220; onclick=&#8220;custom_link&#8220; qode_css_animation=&#8220;&#8220; link=&#8220;\/?page_id=1605&#8243;][vc_empty_space height=&#8220;10px&#8220;][vc_column_text]<\/p>\n<h3 style=\"text-align: center;\"><a href=\"\/?page_id=1605\"><strong><span style=\"color: #000000;\">Kulturni centar<\/span><\/strong><\/a><\/h3>\n<p>[\/vc_column_text][\/vc_column][\/vc_row][vc_row css_animation=&#8220;&#8220; row_type=&#8220;row&#8220; use_row_as_full_screen_section=&#8220;no&#8220; type=&#8220;full_width&#8220; angled_section=&#8220;no&#8220; text_align=&#8220;left&#8220; background_image_as_pattern=&#8220;without_pattern&#8220; css=&#8220;.vc_custom_1621265078506{margin-top: 50px !important;padding-right: 50px !important;padding-left: 50px !important;}&#8220; z_index=&#8220;&#8220;][vc_column css_animation=&#8220;fadeInLeft&#8220; width=&#8220;1\/2&#8243;][vc_single_image image=&#8220;2380&#8243; img_size=&#8220;full&#8220; style=&#8220;vc_box_outline&#8220; onclick=&#8220;custom_link&#8220; qode_css_animation=&#8220;&#8220; link=&#8220;\/?page_id=1693&#8243;][vc_empty_space height=&#8220;10px&#8220;][vc_column_text]<\/p>\n<h3 class=\"mkdf-tour-item-title\" style=\"text-align: center;\"><a href=\"\/?page_id=1693\"><span style=\"color: #000000;\"><strong>Gradska biblioteka<\/strong><\/span><\/a><\/h3>\n<p>[\/vc_column_text][\/vc_column][vc_column css_animation=&#8220;fadeInRight&#8220; width=&#8220;1\/2&#8243;][vc_single_image image=&#8220;2431&#8243; img_size=&#8220;full&#8220; alignment=&#8220;center&#8220; style=&#8220;vc_box_outline&#8220; onclick=&#8220;custom_link&#8220; qode_css_animation=&#8220;&#8220; link=&#8220;\/?page_id=1584&#8243;][vc_empty_space height=&#8220;10px&#8220;][vc_column_text]<\/p>\n<h3 class=\"mkdf-tour-item-title\" style=\"text-align: center;\"><a href=\"\/?page_id=1584\"><span style=\"color: #000000;\"><strong>Zavi\u010dajni muzej<\/strong><\/span><\/a><\/h3>\n<p>[\/vc_column_text][\/vc_column][\/vc_row][vc_row css_animation=&#8220;&#8220; row_type=&#8220;row&#8220; use_row_as_full_screen_section=&#8220;no&#8220; type=&#8220;full_width&#8220; angled_section=&#8220;no&#8220; text_align=&#8220;left&#8220; background_image_as_pattern=&#8220;without_pattern&#8220; css=&#8220;.vc_custom_1621265078506{margin-top: 50px !important;padding-right: 50px !important;padding-left: 50px !important;}&#8220; z_index=&#8220;&#8220;][vc_column css_animation=&#8220;fadeInLeft&#8220; width=&#8220;1\/4&#8243;][vc_empty_space height=&#8220;10px&#8220;][\/vc_column][vc_column css_animation=&#8220;fadeInRight&#8220; width=&#8220;1\/2&#8243;][vc_single_image image=&#8220;5495&#8243; img_size=&#8220;full&#8220; alignment=&#8220;center&#8220; style=&#8220;vc_box_outline&#8220; onclick=&#8220;custom_link&#8220; qode_css_animation=&#8220;&#8220; link=&#8220;\/?page_id=5492&#8243;][vc_empty_space height=&#8220;10px&#8220;][vc_column_text]<\/p>\n<h3 class=\"mkdf-tour-item-title\" style=\"text-align: center;\"><a href=\"https:\/\/toruma.hola.rs\/?page_id=5492\"><span style=\"color: #000000;\"><strong>Obrazovne ustanove<\/strong><\/span><\/a><\/h3>\n<p>[\/vc_column_text][\/vc_column][vc_column width=&#8220;1\/4&#8243;][vc_empty_space height=&#8220;10px&#8220;][\/vc_column][\/vc_row][vc_row css_animation=&#8220;&#8220; row_type=&#8220;row&#8220; use_row_as_full_screen_section=&#8220;no&#8220; type=&#8220;full_width&#8220; angled_section=&#8220;no&#8220; text_align=&#8220;left&#8220; background_image_as_pattern=&#8220;without_pattern&#8220; css=&#8220;.vc_custom_1621265124996{margin-top: 50px !important;background-color: #1d7fc1 !important;}&#8220; z_index=&#8220;&#8220;][vc_column width=&#8220;1\/6&#8243;][\/vc_column][vc_column css_animation=&#8220;fadeInUp&#8220; width=&#8220;2\/3&#8243;][vc_empty_space height=&#8220;50px&#8220;][vc_column_text]<\/p>\n<h1 style=\"text-align: center;\">Ruma je jo\u0161 od polovine 19. veka imala sve atribute grada, a taj gradski \u0161arm i gra\u0111anski duh je zadr\u017eala do dana\u0111njih dana kada je broj stanovnika dostigao cifru od 32.000. Najlep\u0161i kompliment gradu u srcu Srema izrekao je jedan prido\u0161lica konstatuju\u0107i da &#8222;nije video manji grad, a da mu ba\u0161 ni\u0161ta ne fali&#8220;.<\/h1>\n<p>[\/vc_column_text][vc_empty_space height=&#8220;10px&#8220;][vc_empty_space height=&#8220;50px&#8220;][\/vc_column][vc_column width=&#8220;1\/6&#8243;][\/vc_column][\/vc_row]<\/p>\n","protected":false},"excerpt":{"rendered":"<p>[vc_row css_animation=&#8220;&#8220; row_type=&#8220;row&#8220; use_row_as_full_screen_section=&#8220;no&#8220; type=&#8220;full_width&#8220; angled_section=&#8220;no&#8220; text_align=&#8220;left&#8220; background_image_as_pattern=&#8220;without_pattern&#8220; css=&#8220;.vc_custom_1621264559093{margin-top: 80px !important;margin-bottom: 80px !important;}&#8220; z_index=&#8220;&#8220;][vc_column width=&#8220;1\/6&#8243;][\/vc_column][vc_column css_animation=&#8220;none&#8220; width=&#8220;2\/3&#8243;][vc_column_text]Danas je Ruma grad sa oko 30.076 stanovnika,a cela op\u0161tina ima 54.339 stanovnika, 16 seoskih naselja i jedno gradsko naselje. Pored razvijene poljoprivrede, zastupljene su i druge privredne grane:&#8230;<\/p>\n","protected":false},"author":1,"featured_media":0,"parent":0,"menu_order":0,"comment_status":"closed","ping_status":"closed","template":"full_width.php","meta":{"footnotes":""},"class_list":["post-587","page","type-page","status-publish","hentry"],"_links":{"self":[{"href":"https:\/\/toruma.hola.rs\/index.php?rest_route=\/wp\/v2\/pages\/587","targetHints":{"allow":["GET"]}}],"collection":[{"href":"https:\/\/toruma.hola.rs\/index.php?rest_route=\/wp\/v2\/pages"}],"about":[{"href":"https:\/\/toruma.hola.rs\/index.php?rest_route=\/wp\/v2\/types\/page"}],"author":[{"embeddable":true,"href":"https:\/\/toruma.hola.rs\/index.php?rest_route=\/wp\/v2\/users\/1"}],"replies":[{"embeddable":true,"href":"https:\/\/toruma.hola.rs\/index.php?rest_route=%2Fwp%2Fv2%2Fcomments&post=587"}],"version-history":[{"count":38,"href":"https:\/\/toruma.hola.rs\/index.php?rest_route=\/wp\/v2\/pages\/587\/revisions"}],"predecessor-version":[{"id":5510,"href":"https:\/\/toruma.hola.rs\/index.php?rest_route=\/wp\/v2\/pages\/587\/revisions\/5510"}],"wp:attachment":[{"href":"https:\/\/toruma.hola.rs\/index.php?rest_route=%2Fwp%2Fv2%2Fmedia&parent=587"}],"curies":[{"name":"wp","href":"https:\/\/api.w.org\/{rel}","templated":true}]}}