{"id":971,"date":"2019-05-26T02:58:18","date_gmt":"2019-05-26T00:58:18","guid":{"rendered":"https:\/\/toruma.hola.rs\/?page_id=971"},"modified":"2025-06-16T13:13:03","modified_gmt":"2025-06-16T11:13:03","slug":"servisne-informacije","status":"publish","type":"page","link":"https:\/\/toruma.hola.rs\/?page_id=971","title":{"rendered":"SERVISNE INFORMACIJE"},"content":{"rendered":"<p>[vc_row css_animation=&#8220;&#8220; row_type=&#8220;row&#8220; use_row_as_full_screen_section=&#8220;no&#8220; type=&#8220;full_width&#8220; angled_section=&#8220;no&#8220; text_align=&#8220;left&#8220; background_image_as_pattern=&#8220;without_pattern&#8220; css=&#8220;.vc_custom_1558891158940{margin-top: 15px !important;margin-bottom: 30px !important;}&#8220; z_index=&#8220;&#8220;][vc_column width=&#8220;1\/4&#8243;][\/vc_column][vc_column width=&#8220;1\/2&#8243;]<span data-type=\"normal\"  class=\"qode_icon_shortcode  q_font_awsome_icon fa-3x pull-center \" style=\" \"><i class=\"qode_icon_font_awesome fa fa-info qode_icon_element\" style=\"color: #e2e2e2;\" ><\/i><\/span>[vc_empty_space height=&#8220;25px&#8220;][vc_column_text]<\/p>\n<h1 style=\"text-align: center;\"><span style=\"color: #000000;\">SERVISNE INFORMACIJE<br \/>\n<\/span><\/h1>\n<p>[\/vc_column_text][vc_empty_space height=&#8220;10px&#8220;][\/vc_column][vc_column width=&#8220;1\/4&#8243;][\/vc_column][\/vc_row][vc_row css_animation=&#8220;&#8220; row_type=&#8220;row&#8220; use_row_as_full_screen_section=&#8220;no&#8220; type=&#8220;grid&#8220; angled_section=&#8220;no&#8220; text_align=&#8220;left&#8220; background_image_as_pattern=&#8220;without_pattern&#8220; z_index=&#8220;&#8220;][vc_column width=&#8220;1\/6&#8243;][\/vc_column][vc_column width=&#8220;2\/3&#8243;][vc_column_text]<\/p>\n<p style=\"text-align: center;\">Ovde se mo\u017eete informisati o radnom vremenu i lokacijama odre\u0111enih servisnih slu\u017ebi, kafi\u0107a kao i bitnih objekata u gradu.<\/p>\n<p>[\/vc_column_text][vc_empty_space height=&#8220;50px&#8220;][\/vc_column][vc_column width=&#8220;1\/6&#8243;][\/vc_column][\/vc_row][vc_row css_animation=&#8220;&#8220; row_type=&#8220;row&#8220; use_row_as_full_screen_section=&#8220;no&#8220; type=&#8220;full_width&#8220; angled_section=&#8220;no&#8220; text_align=&#8220;center&#8220; background_image_as_pattern=&#8220;without_pattern&#8220; css=&#8220;.vc_custom_1679559165889{margin-top: 30px !important;padding-top: 80px !important;padding-bottom: 80px !important;background-color: #f7f7f7 !important;}&#8220; z_index=&#8220;&#8220;][vc_column][vc_empty_space height=&#8220;20px&#8220;][vc_column_text]<\/p>\n<h2 style=\"text-align: center;\"><span style=\"color: #000000;\">PARKING MESTA U GRADU<br \/>\n<\/span><\/h2>\n<p>[\/vc_column_text][vc_empty_space height=&#8220;20px&#8220;][vc_column_text]\r\n            \r\n            \r\n            \r\n            <a name='map3'><\/a>\r\n            \r\n            \r\n            \r\n            \r\n            <div class=\"wpgmza_map \"  id=\"wpgmza_map_3\" style=\"display:block; overflow:auto; width:100%; height:500px; margin-left:auto !important; margin-right:auto !important; align:center;\" data-settings='{\"id\":\"3\",\"map_title\":\"PARKING RUMA\",\"map_width\":\"100\",\"map_height\":\"500\",\"map_start_lat\":\"45.0009464309035\",\"map_start_lng\":\"19.82420764026482\",\"map_start_location\":\"\",\"map_start_zoom\":\"14\",\"default_marker\":\"\",\"type\":\"0\",\"alignment\":\"0\",\"directions_enabled\":\"0\",\"styling_enabled\":\"0\",\"styling_json\":\"\",\"active\":\"0\",\"kml\":\"\",\"bicycle\":\"0\",\"traffic\":\"0\",\"dbox\":\"1\",\"dbox_width\":\"100\",\"listmarkers\":\"0\",\"listmarkers_advanced\":\"0\",\"filterbycat\":\"0\",\"ugm_enabled\":\"0\",\"ugm_category_enabled\":\"0\",\"fusion\":\"\",\"map_width_type\":\"%\",\"map_height_type\":\"px\",\"mass_marker_support\":\"0\",\"ugm_access\":\"0\",\"order_markers_by\":\"1\",\"order_markers_choice\":\"1\",\"show_user_location\":\"0\",\"default_to\":\"\",\"other_settings\":{\"map_type\":1,\"sl_stroke_color\":\"#ff0000\",\"sl_fill_color\":\"#ff0000\",\"sl_stroke_opacity\":\"1\",\"sl_fill_opacity\":\"0.5\",\"transport_layer\":false,\"action\":\"wpgmza_save_map\",\"redirect_to\":\"\\\/wp-admin\\\/admin-post.php\",\"map_id\":\"3\",\"http_referer\":\"\\\/wp-admin\\\/admin.php?page=wp-google-maps-menu&amp;action=edit&amp;map_id=3\",\"wpgmza_id\":\"3\",\"wpgmza_start_location\":\"45.0009464309035,19.82420764026482\",\"wpgmza_start_zoom\":\"14\",\"wpgmza_dbox_width_type\":\"%\",\"default_from\":\"\",\"directions_behaviour\":\"default\",\"force_google_directions_app\":false,\"directions_route_origin_icon\":\"https:\\\/\\\/toruma.hola.rs\\\/wp-content\\\/plugins\\\/wp-google-maps\\\/images\\\/spotlight-poi2.png\",\"directions_origin_retina\":false,\"directions_route_destination_icon\":\"https:\\\/\\\/toruma.hola.rs\\\/wp-content\\\/plugins\\\/wp-google-maps\\\/images\\\/spotlight-poi2.png\",\"directions_destination_retina\":false,\"directions_route_stroke_color\":\"#4f8df5\",\"directions_route_stroke_weight\":\"4\",\"directions_route_stroke_opacity\":\"0.8\",\"directions_fit_bounds_to_route\":false,\"store_locator_enabled\":false,\"store_locator_search_area\":\"radial\",\"wpgmza_store_locator_radius_style\":\"legacy\",\"wpgmza_store_locator_default_radius\":\"10\",\"store_locator_auto_area_max_zoom\":\"\",\"wpgmza_store_locator_restrict\":\"\",\"store_locator_distance\":false,\"wpgmza_store_locator_position\":false,\"store_locator_show_distance\":false,\"store_locator_category\":false,\"wpgmza_store_locator_use_their_location\":false,\"wpgmza_store_locator_bounce\":false,\"upload_default_sl_marker\":\"\",\"retina\":false,\"wpgmza_sl_animation\":\"0\",\"wpgmza_store_locator_hide_before_search\":false,\"store_locator_query_string\":\"\",\"store_locator_default_address\":\"\",\"store_locator_name_search\":false,\"store_locator_name_string\":\"\",\"store_locator_not_found_message\":\"\",\"wpgmza_map_align\":\"2\",\"upload_default_ul_marker\":\"\",\"jump_to_nearest_marker_on_initialization\":false,\"automatically_pan_to_users_location\":false,\"override_users_location_zoom_level\":false,\"override_users_location_zoom_levels\":\"\",\"show_distance_from_location\":false,\"map_max_zoom\":\"21\",\"map_min_zoom\":\"0\",\"click_open_link\":false,\"fit_maps_bounds_to_markers\":false,\"fit_maps_bounds_to_markers_after_filtering\":false,\"hide_point_of_interest\":false,\"wpgmza_zoom_on_marker_click\":false,\"wpgmza_zoom_on_marker_click_slider\":\"\",\"close_infowindow_on_map_click\":false,\"disable_lightbox_images\":false,\"use_Raw_Jpeg_Coordinates\":false,\"polygon_labels\":false,\"disable_polygon_info_windows\":false,\"enable_advanced_custom_fields_integration\":false,\"enable_toolset_woocommerce_integration\":false,\"only_load_markers_within_viewport\":false,\"iw_primary_color\":\"\",\"iw_accent_color\":\"\",\"iw_text_color\":\"\",\"wpgmza_listmarkers_by\":\"0\",\"wpgmza_marker_listing_position\":false,\"datatable_no_result_message\":\"\",\"remove_search_box_datables\":false,\"dataTable_pagination_style\":\"default\",\"datatable_search_string\":\"\",\"datatable_result_start\":\"\",\"datatable_result_of\":\"\",\"datatable_result_to\":\"\",\"datatable_result_total\":\"\",\"datatable_result_show\":\"\",\"datatable_result_entries\":\"\",\"wpgmza_savemap\":\"Save Map \\u00bb\",\"shortcodeAttributes\":{\"id\":\"3\"}}}' data-map-id='3' data-shortcode-attributes='{\"id\":\"3\"}'> <\/div>\r\n            \r\n               \r\n        [\/vc_column_text][vc_empty_space height=&#8220;20px&#8220;][\/vc_column][\/vc_row][vc_row css_animation=&#8220;&#8220; row_type=&#8220;row&#8220; use_row_as_full_screen_section=&#8220;no&#8220; type=&#8220;full_width&#8220; angled_section=&#8220;no&#8220; text_align=&#8220;left&#8220; background_image_as_pattern=&#8220;without_pattern&#8220; z_index=&#8220;&#8220; css=&#8220;.vc_custom_1622492201557{margin-right: 30px !important;margin-left: 30px !important;}&#8220;][vc_column]<div class=\"qode-int-icon-showcase qode-autoplay\"data-interval=\"3000\"><div class=\"qode-int-icon-showcase-inner\"><div class=\"qode-showcase-item-holder\">\n\t<div class=\"qode-showcase-icon\">\n\t\t<span class=\"qode-icon-holder qode-icon-circle\" >\n\t\t\t<i class=\"qode_icon_font_awesome fa fa-suitcase qode-icon-element\" ><\/i>\t\t<\/span>\n\t<\/div>\n\t<div class=\"qode-showcase-content\">\n\t\t<div class=\"qode-showcase-content-table\">\n\t\t\t<div class=\"qode-showcase-content-cell\">\n\t\t\t\t\t\t\t\t\t<h2>Turisti\u010dki info centar Ruma<\/h2>\n\t\t\t\t\t\t\t\t\t\t\t\t\t<div class=\"qode-showcase-content-inner\">\n\t\t\t\t\t\t\u0410\u0434\u0440\u0435\u0441\u0430: \u0413\u043b\u0430\u0432\u043d\u0430 172, \u0420\u0443\u043c\u0430 22400 \u0422\u0435\u043b\u0435\u0444\u043e\u043d: 022 470655\t\t\t\t\t<\/div>\n\t\t\t\t\t\t\t<\/div>\n\t\t<\/div>\n\t<\/div>\n<\/div><div class=\"qode-showcase-item-holder\">\n\t<div class=\"qode-showcase-icon\">\n\t\t<span class=\"qode-icon-holder qode-icon-circle\" >\n\t\t\t<i class=\"qode_icon_font_awesome fa fa-bus qode-icon-element\" ><\/i>\t\t<\/span>\n\t<\/div>\n\t<div class=\"qode-showcase-content\">\n\t\t<div class=\"qode-showcase-content-table\">\n\t\t\t<div class=\"qode-showcase-content-cell\">\n\t\t\t\t\t\t\t\t\t<h2>Autobuska stanica<\/h2>\n\t\t\t\t\t\t\t\t\t\t\t\t\t<div class=\"qode-showcase-content-inner\">\n\t\t\t\t\t\tAdresa: Industrijska 1V, Ruma, Telefon: +381 (0)22 433733; +381 (0)22 2151243\t\t\t\t\t<\/div>\n\t\t\t\t\t\t\t<\/div>\n\t\t<\/div>\n\t<\/div>\n<\/div><div class=\"qode-showcase-item-holder\">\n\t<div class=\"qode-showcase-icon\">\n\t\t<span class=\"qode-icon-holder qode-icon-circle\" >\n\t\t\t<i class=\"qode_icon_font_awesome fa fa-train qode-icon-element\" ><\/i>\t\t<\/span>\n\t<\/div>\n\t<div class=\"qode-showcase-content\">\n\t\t<div class=\"qode-showcase-content-table\">\n\t\t\t<div class=\"qode-showcase-content-cell\">\n\t\t\t\t\t\t\t\t\t<h2>\u017delezni\u010dka stanica Ruma<\/h2>\n\t\t\t\t\t\t\t\t\t\t\t\t\t<div class=\"qode-showcase-content-inner\">\n\t\t\t\t\t\tTel: 022\/479-130\t\t\t\t\t<\/div>\n\t\t\t\t\t\t\t<\/div>\n\t\t<\/div>\n\t<\/div>\n<\/div><div class=\"qode-showcase-item-holder\">\n\t<div class=\"qode-showcase-icon\">\n\t\t<span class=\"qode-icon-holder qode-icon-circle\" >\n\t\t\t<i class=\"qode_icon_font_awesome fa fa-info qode-icon-element\" ><\/i>\t\t<\/span>\n\t<\/div>\n\t<div class=\"qode-showcase-content\">\n\t\t<div class=\"qode-showcase-content-table\">\n\t\t\t<div class=\"qode-showcase-content-cell\">\n\t\t\t\t\t\t\t\t\t<h2>Policija<\/h2>\n\t\t\t\t\t\t\t\t\t\t\t\t\t<div class=\"qode-showcase-content-inner\">\n\t\t\t\t\t\tTel: 192\t\t\t\t\t<\/div>\n\t\t\t\t\t\t\t<\/div>\n\t\t<\/div>\n\t<\/div>\n<\/div><div class=\"qode-showcase-item-holder\">\n\t<div class=\"qode-showcase-icon\">\n\t\t<span class=\"qode-icon-holder qode-icon-circle\" >\n\t\t\t<i class=\"qode_icon_font_awesome fa fa-info qode-icon-element\" ><\/i>\t\t<\/span>\n\t<\/div>\n\t<div class=\"qode-showcase-content\">\n\t\t<div class=\"qode-showcase-content-table\">\n\t\t\t<div class=\"qode-showcase-content-cell\">\n\t\t\t\t\t\t\t\t\t<h2>Hitna Pomo\u0107<\/h2>\n\t\t\t\t\t\t\t\t\t\t\t\t\t<div class=\"qode-showcase-content-inner\">\n\t\t\t\t\t\tTel: 194\t\t\t\t\t<\/div>\n\t\t\t\t\t\t\t<\/div>\n\t\t<\/div>\n\t<\/div>\n<\/div><div class=\"qode-showcase-item-holder\">\n\t<div class=\"qode-showcase-icon\">\n\t\t<span class=\"qode-icon-holder qode-icon-circle\" >\n\t\t\t<i class=\"qode_icon_font_awesome fa fa-info qode-icon-element\" ><\/i>\t\t<\/span>\n\t<\/div>\n\t<div class=\"qode-showcase-content\">\n\t\t<div class=\"qode-showcase-content-table\">\n\t\t\t<div class=\"qode-showcase-content-cell\">\n\t\t\t\t\t\t\t\t\t<h2>Gradska ku\u0107a Ruma<\/h2>\n\t\t\t\t\t\t\t\t\t\t\t\t\t<div class=\"qode-showcase-content-inner\">\n\t\t\t\t\t\t\u0410\u0434\u0440\u0435\u0441\u0430: \u0413\u043b\u0430\u0432\u043d\u0430 155, \u0422\u0435\u043b\u0435\u0444\u043e\u043d: 022\/478-314\t\t\t\t\t<\/div>\n\t\t\t\t\t\t\t<\/div>\n\t\t<\/div>\n\t<\/div>\n<\/div><div class=\"qode-showcase-item-holder\">\n\t<div class=\"qode-showcase-icon\">\n\t\t<span class=\"qode-icon-holder qode-icon-circle\" >\n\t\t\t<i class=\"qode_icon_font_awesome fa fa-compass qode-icon-element\" ><\/i>\t\t<\/span>\n\t<\/div>\n\t<div class=\"qode-showcase-content\">\n\t\t<div class=\"qode-showcase-content-table\">\n\t\t\t<div class=\"qode-showcase-content-cell\">\n\t\t\t\t\t\t\t\t\t<h2>Zavi\u010dajni muzej Ruma<\/h2>\n\t\t\t\t\t\t\t\t\t\t\t\t\t<div class=\"qode-showcase-content-inner\">\n\t\t\t\t\t\t\u0410\u0434\u0440\u0435\u0441\u0430: \u0413\u043b\u0430\u0432\u043d\u0430 182, \u0420\u0443\u043c\u0430 22400, \u0422\u0435\u043b\u0435\u0444\u043e\u043d: 022 474888\t\t\t\t\t<\/div>\n\t\t\t\t\t\t\t<\/div>\n\t\t<\/div>\n\t<\/div>\n<\/div><div class=\"qode-showcase-item-holder\">\n\t<div class=\"qode-showcase-icon\">\n\t\t<span class=\"qode-icon-holder qode-icon-circle\" >\n\t\t\t<i class=\"qode_icon_font_awesome fa fa-building qode-icon-element\" ><\/i>\t\t<\/span>\n\t<\/div>\n\t<div class=\"qode-showcase-content\">\n\t\t<div class=\"qode-showcase-content-table\">\n\t\t\t<div class=\"qode-showcase-content-cell\">\n\t\t\t\t\t\t\t\t\t<h2>Gradska biblioteka ,,Atanasije Stojkovi\u0107\u201c<\/h2>\n\t\t\t\t\t\t\t\t\t\t\t\t\t<div class=\"qode-showcase-content-inner\">\n\t\t\t\t\t\t\u0410\u0434\u0440\u0435\u0441\u0430: \u0413\u043b\u0430\u0432\u043d\u0430 129, \u0420\u0443\u043c\u0430, \u0422\u0435\u043b\u0435\u0444\u043e\u043d: 022 478920\t\t\t\t\t<\/div>\n\t\t\t\t\t\t\t<\/div>\n\t\t<\/div>\n\t<\/div>\n<\/div><\/div><div class=\"qode-int-icon-circle\"style=\"border-width: 5px;border-style: solid;border-color: #e2aa00\"><\/div><\/div>[\/vc_column][\/vc_row][vc_row css_animation=&#8220;&#8220; row_type=&#8220;row&#8220; use_row_as_full_screen_section=&#8220;no&#8220; type=&#8220;full_width&#8220; angled_section=&#8220;no&#8220; text_align=&#8220;left&#8220; background_image_as_pattern=&#8220;without_pattern&#8220;][vc_column][vc_empty_space][\/vc_column][\/vc_row][vc_row css_animation=&#8220;&#8220; row_type=&#8220;row&#8220; use_row_as_full_screen_section=&#8220;no&#8220; type=&#8220;full_width&#8220; angled_section=&#8220;no&#8220; text_align=&#8220;left&#8220; background_image_as_pattern=&#8220;without_pattern&#8220; css=&#8220;.vc_custom_1685014640924{padding-top: 90px !important;padding-bottom: 90px !important;background-color: #1d7fc1 !important;}&#8220; z_index=&#8220;&#8220;][vc_column width=&#8220;1\/6&#8243;][\/vc_column][vc_column width=&#8220;2\/3&#8243;][vc_column_text]<\/p>\n<h2 class=\"mkdf-tour-item-title\" style=\"text-align: center;\"><span style=\"color: #ffffff;\"><a style=\"color: #ffffff;\" href=\"\/?page_id=3421\"><strong>POGLEDAJTE RED VO\u017dNJE<br \/>\nI NOVE LINIJE GRADSKOG PREVOZA<\/strong><\/a><\/span><\/h2>\n<p>[\/vc_column_text][vc_empty_space][vc_single_image image=&#8220;3438&#8243; img_size=&#8220;full&#8220; alignment=&#8220;center&#8220; onclick=&#8220;custom_link&#8220; qode_css_animation=&#8220;&#8220; link=&#8220;https:\/\/toruma.hola.rs\/?page_id=3421&#8243;][\/vc_column][vc_column width=&#8220;1\/6&#8243;][\/vc_column][\/vc_row][vc_row css_animation=&#8220;&#8220; row_type=&#8220;row&#8220; use_row_as_full_screen_section=&#8220;no&#8220; type=&#8220;full_width&#8220; angled_section=&#8220;no&#8220; text_align=&#8220;left&#8220; background_image_as_pattern=&#8220;without_pattern&#8220;][vc_column][vc_empty_space][\/vc_column][\/vc_row]<\/p>\n","protected":false},"excerpt":{"rendered":"<p>[vc_row css_animation=&#8220;&#8220; row_type=&#8220;row&#8220; use_row_as_full_screen_section=&#8220;no&#8220; type=&#8220;full_width&#8220; angled_section=&#8220;no&#8220; text_align=&#8220;left&#8220; background_image_as_pattern=&#8220;without_pattern&#8220; css=&#8220;.vc_custom_1558891158940{margin-top: 15px !important;margin-bottom: 30px !important;}&#8220; z_index=&#8220;&#8220;][vc_column width=&#8220;1\/4&#8243;][\/vc_column][vc_column width=&#8220;1\/2&#8243;][vc_empty_space height=&#8220;25px&#8220;][vc_column_text] SERVISNE INFORMACIJE [\/vc_column_text][vc_empty_space height=&#8220;10px&#8220;][\/vc_column][vc_column width=&#8220;1\/4&#8243;][\/vc_column][\/vc_row][vc_row css_animation=&#8220;&#8220; row_type=&#8220;row&#8220; use_row_as_full_screen_section=&#8220;no&#8220; type=&#8220;grid&#8220; angled_section=&#8220;no&#8220; text_align=&#8220;left&#8220; background_image_as_pattern=&#8220;without_pattern&#8220; z_index=&#8220;&#8220;][vc_column width=&#8220;1\/6&#8243;][\/vc_column][vc_column width=&#8220;2\/3&#8243;][vc_column_text] Ovde se mo\u017eete informisati o radnom vremenu i lokacijama odre\u0111enih servisnih slu\u017ebi, kafi\u0107a&#8230;<\/p>\n","protected":false},"author":1,"featured_media":0,"parent":0,"menu_order":0,"comment_status":"closed","ping_status":"closed","template":"full_width.php","meta":{"footnotes":""},"class_list":["post-971","page","type-page","status-publish","hentry"],"_links":{"self":[{"href":"https:\/\/toruma.hola.rs\/index.php?rest_route=\/wp\/v2\/pages\/971","targetHints":{"allow":["GET"]}}],"collection":[{"href":"https:\/\/toruma.hola.rs\/index.php?rest_route=\/wp\/v2\/pages"}],"about":[{"href":"https:\/\/toruma.hola.rs\/index.php?rest_route=\/wp\/v2\/types\/page"}],"author":[{"embeddable":true,"href":"https:\/\/toruma.hola.rs\/index.php?rest_route=\/wp\/v2\/users\/1"}],"replies":[{"embeddable":true,"href":"https:\/\/toruma.hola.rs\/index.php?rest_route=%2Fwp%2Fv2%2Fcomments&post=971"}],"version-history":[{"count":72,"href":"https:\/\/toruma.hola.rs\/index.php?rest_route=\/wp\/v2\/pages\/971\/revisions"}],"predecessor-version":[{"id":5475,"href":"https:\/\/toruma.hola.rs\/index.php?rest_route=\/wp\/v2\/pages\/971\/revisions\/5475"}],"wp:attachment":[{"href":"https:\/\/toruma.hola.rs\/index.php?rest_route=%2Fwp%2Fv2%2Fmedia&parent=971"}],"curies":[{"name":"wp","href":"https:\/\/api.w.org\/{rel}","templated":true}]}}